{"id":232,"date":"2022-06-07T04:49:46","date_gmt":"2022-06-07T04:49:46","guid":{"rendered":"https:\/\/uttarahumara.edu.mx\/?page_id=232"},"modified":"2025-02-16T03:41:40","modified_gmt":"2025-02-16T03:41:40","slug":"232-2","status":"publish","type":"page","link":"https:\/\/uttarahumara.edu.mx\/","title":{"rendered":""},"content":{"rendered":"<div id=\"fb-root\"><\/div>\n\n<div id=\"pl-232\" class=\"panel-layout\">\n<div id=\"pg-232-0\" class=\"panel-grid panel-no-style\" data-style=\"{&quot;background_image_attachment&quot;:false,&quot;background_display&quot;:&quot;tile&quot;,&quot;full_height&quot;:&quot;&quot;,&quot;cell_alignment&quot;:&quot;flex-start&quot;}\">\n<div id=\"pgc-232-0-0\" class=\"panel-grid-cell\" data-weight=\"0.5\">\n<div id=\"panel-232-0-0-0\" class=\"so-panel widget widget_sow-editor panel-first-child panel-last-child\" data-index=\"0\" data-style=\"{&quot;background_image_attachment&quot;:false,&quot;background_display&quot;:&quot;tile&quot;}\">\n<div class=\"so-widget-sow-editor so-widget-sow-editor-base\">\n<div class=\"siteorigin-widget-tinymce textwidget\">\n<p align=\"justify\"><strong>\u00a1Bienvenido (a) la Universidad Tecnol\u00f3gica de la Tarahumara!<\/strong><\/p>\n<p align=\"justify\">Una instituci\u00f3n p\u00fablica de nivel superior ubicada en Guachochi,Chihuahua que ofrece la posibilidad de estudiar una carrera profesional en las \u00e1reas de Agricultura sustentable y protegida ,Turismo, Tecnol\u00f3gia Ambiental, Manejo Forestal Sustentable y Enfermer\u00eda, en las modalidades de t\u00e9cnico superior universitario, licenciatura e ingenier\u00edas.<\/p>\n<\/div>\n<\/div>\n<\/div>\n<\/div>\n<div id=\"pgc-232-0-1\" class=\"panel-grid-cell\" data-weight=\"0.5\">\n<div id=\"panel-232-0-1-0\" class=\"so-panel widget widget_media_image panel-first-child panel-last-child\" data-index=\"1\" data-style=\"{&quot;background_image_attachment&quot;:false,&quot;background_display&quot;:&quot;tile&quot;}\"><\/div><\/div><\/div><\/div>\n\n\n<img loading=\"lazy\" decoding=\"async\" width=\"540\" height=\"269\" src=\"https:\/\/uttarahumara.edu.mx\/wp-content\/uploads\/2022\/06\/PAGINA-WEB-2022-06.jpg\" class=\"image wp-image-651  attachment-full size-full\" alt=\"\" style=\"max-width: 100%; height: auto;\" srcset=\"https:\/\/uttarahumara.edu.mx\/wp-content\/uploads\/2022\/06\/PAGINA-WEB-2022-06.jpg 540w, https:\/\/uttarahumara.edu.mx\/wp-content\/uploads\/2022\/06\/PAGINA-WEB-2022-06-300x149.jpg 300w\" sizes=\"auto, (max-width: 540px) 100vw, 540px\" \/>\n\n\n\n<div id=\"pg-232-1\" class=\"panel-grid panel-no-style\" data-style=\"{&quot;background_image_attachment&quot;:false,&quot;background_display&quot;:&quot;tile&quot;,&quot;full_height&quot;:&quot;&quot;,&quot;cell_alignment&quot;:&quot;flex-start&quot;}\">\n<div id=\"pgc-232-1-0\" class=\"panel-grid-cell\" data-weight=\"0.5\">\n<div id=\"panel-232-1-0-0\" class=\"so-panel widget widget_custom_html panel-first-child panel-last-child\" data-index=\"2\" data-style=\"{&quot;background_image_attachment&quot;:false,&quot;background_display&quot;:&quot;tile&quot;,&quot;background_image_size&quot;:&quot;full&quot;,&quot;border_thickness&quot;:&quot;1px&quot;}\"><\/div><\/div><\/div>\n\n\n<div class=\"textwidget custom-html-widget\"><div class=\"wef-measure\"><\/div><div class=\"fb-video\" data-href=\"&quot;https:\/\/fb.watch\/jAuRRChnoq\/&quot;\" data-allowfullscreen=\"true\" data-autoplay=\"false\" data-width=\"\" data-show-text=\"false\" data-show-captions=\"true\"><\/div><\/div>\n\n\n\n<div id=\"pgc-232-1-1\" class=\"panel-grid-cell\" data-weight=\"0.5\">\n<div id=\"panel-232-1-1-0\" class=\"so-panel widget widget_custom_html panel-first-child panel-last-child\" data-index=\"3\" data-style=\"{&quot;background_image_attachment&quot;:false,&quot;background_display&quot;:&quot;tile&quot;}\"><\/div><\/div>\n\n\n<div class=\"textwidget custom-html-widget\"><\/div>\n\n\n\n<div id=\"pg-232-2\" class=\"panel-grid panel-no-style\" data-style=\"{&quot;background_image_attachment&quot;:false,&quot;background_display&quot;:&quot;tile&quot;,&quot;full_height&quot;:&quot;&quot;,&quot;cell_alignment&quot;:&quot;flex-start&quot;}\">\n<div id=\"pgc-232-2-0\" class=\"panel-grid-cell\" data-weight=\"0.7071067823731\">\n<div id=\"panel-232-2-0-0\" class=\"so-panel widget widget_custom_html panel-first-child panel-last-child\" data-index=\"4\" data-style=\"{&quot;background_image_attachment&quot;:false,&quot;background_display&quot;:&quot;tile&quot;}\"><\/div><\/div><\/div>\n\n\n<div class=\"textwidget custom-html-widget\">\n<\/div>\n\n\n\n<div id=\"pgc-232-2-1\" class=\"panel-grid-cell\" data-weight=\"0.2928932176269\">\n<div id=\"panel-232-2-1-0\" class=\"so-panel widget widget_sow-image panel-first-child\" data-index=\"5\" data-style=\"{&quot;background_image_attachment&quot;:false,&quot;background_display&quot;:&quot;tile&quot;,&quot;background_image_size&quot;:&quot;full&quot;,&quot;background_image_opacity&quot;:&quot;100&quot;,&quot;border_thickness&quot;:&quot;1px&quot;}\"><\/div><\/div>\n\n\n<div\n\t\t\t\n\t\t\tclass=\"so-widget-sow-image so-widget-sow-image-default-8b5b6f678277\"\n\t\t\t\n\t\t>\n<div class=\"sow-image-container\">\n\t\t\t<a href=\"https:\/\/uttarahumara.edu.mx\/?page_id=995\"\n\t\t\t\t\t>\n\t\t\t<img loading=\"lazy\" decoding=\"async\" src=\"https:\/\/uttarahumara.edu.mx\/wp-content\/uploads\/2023\/11\/hhhhhhh@05x.png\" width=\"918\" height=\"463\" srcset=\"https:\/\/uttarahumara.edu.mx\/wp-content\/uploads\/2023\/11\/hhhhhhh@05x.png 918w, https:\/\/uttarahumara.edu.mx\/wp-content\/uploads\/2023\/11\/hhhhhhh@05x-300x151.png 300w, https:\/\/uttarahumara.edu.mx\/wp-content\/uploads\/2023\/11\/hhhhhhh@05x-768x387.png 768w\" sizes=\"auto, (max-width: 918px) 100vw, 918px\" title=\"hhhhhhh@0,5x\" alt=\"\" \t\tclass=\"so-widget-image\"\/>\n\t<\/a><\/div>\n\n<\/div>\n\n\n\n<div id=\"panel-232-2-1-1\" class=\"so-panel widget widget_sow-image\" data-index=\"6\" data-style=\"{&quot;background_image_attachment&quot;:false,&quot;background_display&quot;:&quot;tile&quot;,&quot;background_image_size&quot;:&quot;full&quot;,&quot;background_image_opacity&quot;:&quot;100&quot;,&quot;border_thickness&quot;:&quot;1px&quot;}\"><\/div>\n\n\n<div\n\t\t\t\n\t\t\tclass=\"so-widget-sow-image so-widget-sow-image-default-8b5b6f678277\"\n\t\t\t\n\t\t>\n<div class=\"sow-image-container\">\n\t\t<img loading=\"lazy\" decoding=\"async\" src=\"https:\/\/uttarahumara.edu.mx\/wp-content\/uploads\/2022\/06\/logoheader.png\" width=\"1835\" height=\"926\" srcset=\"https:\/\/uttarahumara.edu.mx\/wp-content\/uploads\/2022\/06\/logoheader.png 1835w, https:\/\/uttarahumara.edu.mx\/wp-content\/uploads\/2022\/06\/logoheader-300x151.png 300w, https:\/\/uttarahumara.edu.mx\/wp-content\/uploads\/2022\/06\/logoheader-1024x517.png 1024w, https:\/\/uttarahumara.edu.mx\/wp-content\/uploads\/2022\/06\/logoheader-768x388.png 768w, https:\/\/uttarahumara.edu.mx\/wp-content\/uploads\/2022\/06\/logoheader-1536x775.png 1536w\" sizes=\"auto, (max-width: 1835px) 100vw, 1835px\" alt=\"\" \t\tclass=\"so-widget-image\"\/>\n\t<\/div>\n\n<\/div>\n\n\n\n<div id=\"panel-232-2-1-2\" class=\"so-panel widget widget_sow-cta panel-last-child\" data-index=\"7\" data-style=\"{&quot;background_image_attachment&quot;:false,&quot;background_display&quot;:&quot;tile&quot;,&quot;background_image_size&quot;:&quot;full&quot;,&quot;border_thickness&quot;:&quot;1px&quot;}\"><\/div>\n\n\n<div\n\t\t\t\n\t\t\tclass=\"so-widget-sow-cta so-widget-sow-cta-default-fd0c916cd3bd\"\n\t\t\t\n\t\t><div\n\tclass=\"sow-cta-base\"\n\t>\n\t\n\t<div class=\"sow-cta-wrapper\">\n\n\t\t<div class=\"sow-cta-text\">\n\t\t\t\n\t\t\t\t\t<\/div>\n\n\t\t<div\n\t\t\t\n\t\t\tclass=\"so-widget-sow-button so-widget-sow-button-atom-2b94b6b7ad0a\"\n\t\t\t\n\t\t><div class=\"ow-button-base ow-button-align-center\">\n\t\t\t<a\n\t\t\t\t\thref=\"https:\/\/www.plataformadetransparencia.org.mx\/\"\n\t\t\t\t\tclass=\"sowb-button ow-icon-placement-left ow-button-hover\" target=\"_blank\" rel=\"noopener noreferrer\" \t>\n\t\t<span>\n\t\t\t<span class=\"sow-icon-genericons\" data-sow-icon=\"&#xf400;\"\n\t\tstyle=\"color: #e84781\" \n\t\taria-hidden=\"true\"><\/span>\n\t\t\t&quot;Aqu\u00ed encontrar\u00e1s nuestras obligaciones de transparencia&quot;\t\t<\/span>\n\t\t\t<\/a>\n\t<\/div>\n<\/div>\n\t<\/div>\n\n\t<\/div>\n<\/div>\n\n\n\n<div id=\"pg-232-3\" class=\"panel-grid panel-no-style\" data-style=\"{&quot;background_image_attachment&quot;:false,&quot;background_display&quot;:&quot;tile&quot;,&quot;full_height&quot;:&quot;&quot;,&quot;cell_alignment&quot;:&quot;flex-start&quot;}\">\n<div id=\"pgc-232-3-0\" class=\"panel-grid-cell\" data-weight=\"1\">\n<div id=\"panel-232-3-0-0\" class=\"so-panel widget widget_custom_html panel-first-child panel-last-child\" data-index=\"8\" data-style=\"{&quot;background_image_attachment&quot;:false,&quot;background_display&quot;:&quot;tile&quot;,&quot;background_image_size&quot;:&quot;full&quot;,&quot;background_image_opacity&quot;:&quot;100&quot;,&quot;border_thickness&quot;:&quot;1px&quot;}\"><\/div><\/div><\/div>\n\n\n<div class=\"textwidget custom-html-widget\"><div class=\"bestplatform-wrapper\">\r\n<div class=\"bestplatform\" style=\"background:&quot;#273a7f&quot;\">\r\n\t<div class=\"bestplatform-thumb\"><a href=\"&quot;https:\/\/drive.google.com\/file\/d\/1jukDMKTg0jq6Ghs-Ktaj2Fo4WPr4vH_f\/view?usp=sharing&quot;\"><img decoding=\"async\" src=\"&quot;&quot;\" alt=\"&quot;Reglamento\" \/><\/a><\/div>\r\n\t<div class=\"bestplatform-content\">\r\n\t\t<a href=\"&quot;https:\/\/drive.google.com\/file\/d\/1jukDMKTg0jq6Ghs-Ktaj2Fo4WPr4vH_f\/view?usp=sharing&quot;\"><h5>&quot;Reglamento<\/h5><\/a>\r\n\t<\/div>\r\n<\/div>\r\n\r\n<div class=\"bestplatform\" style=\"background:&quot;#5c3088&quot;\">\r\n\t<div class=\"bestplatform-thumb\"><a href=\"\"><img decoding=\"async\" src=\"&quot;&quot;\" alt=\"&quot;Calendario\" \/><\/a><\/div>\r\n\t<div class=\"bestplatform-content\">\r\n\t\t<a href=\"\"><h5>&quot;Calendario<\/h5><\/a>\r\n\t<\/div>\r\n<\/div>\r\n\r\n<div class=\"bestplatform\" style=\"background:&quot;#e84781&quot;\">\r\n\t<div class=\"bestplatform-thumb\"><a href=\"&quot;https:\/\/drive.google.com\/file\/d\/1hjZxEi8kfF2Wl4MEzvr2Z32LUMt4nreT\/view?usp=share_link&quot;\"><img decoding=\"async\" src=\"&quot;&quot;\" alt=\"&quot;C\u00f3digo\" \/><\/a><\/div>\r\n\t<div class=\"bestplatform-content\">\r\n\t\t<a href=\"&quot;https:\/\/drive.google.com\/file\/d\/1hjZxEi8kfF2Wl4MEzvr2Z32LUMt4nreT\/view?usp=share_link&quot;\"><h5>&quot;C\u00f3digo<\/h5><\/a>\r\n\t<\/div>\r\n<\/div>\r\n\r\n<div class=\"bestplatform\" style=\"background:&quot;#3ea785&quot;\">\r\n\t<div class=\"bestplatform-thumb\"><a href=\"&quot;https:\/\/drive.google.com\/file\/d\/1U3bCA2sMCyC-WPJ42BCmVzSWgvdMeFaj\/view?usp=sharing&quot;\"><img decoding=\"async\" src=\"&quot;&quot;\" alt=\"&quot;Reglamento\" \/><\/a><\/div>\r\n\t<div class=\"bestplatform-content\">\r\n\t\t<a href=\"&quot;https:\/\/drive.google.com\/file\/d\/1U3bCA2sMCyC-WPJ42BCmVzSWgvdMeFaj\/view?usp=sharing&quot;\"><h5>&quot;Reglamento<\/h5><\/a>\r\n\t<\/div>\r\n<\/div>\r\n\r\n<div class=\"bestplatform\" style=\"background:&quot;#5c3088&quot;\">\r\n\t<div class=\"bestplatform-thumb\"><a href=\"&quot;https:\/\/drive.google.com\/drive\/folders\/1cGBXbJzyOc8PsZSj7FJFYNtw8BptO1B4?usp=share_link&quot;\"><img decoding=\"async\" src=\"&quot;&quot;\" alt=\"&quot;Avisos\" \/><\/a><\/div>\r\n\t<div class=\"bestplatform-content\">\r\n\t\t<a href=\"&quot;https:\/\/drive.google.com\/drive\/folders\/1cGBXbJzyOc8PsZSj7FJFYNtw8BptO1B4?usp=share_link&quot;\"><h5>&quot;Avisos<\/h5><\/a>\r\n\t<\/div>\r\n<\/div>\r\n <\/div><\/div>\n\n\n\n<p><\/p>\n","protected":false},"excerpt":{"rendered":"<p>\u00a1Bienvenido (a) la Universidad Tecnol\u00f3gica de la Tarahumara! Una instituci\u00f3n p\u00fablica de nivel superior ubicada en Guachochi,Chihuahua que ofrece la posibilidad de estudiar una carrera profesional en las \u00e1reas de Agricultura sustentable y protegida ,Turismo, Tecnol\u00f3gia Ambiental, Manejo Forestal Sustentable y Enfermer\u00eda, en las modalidades de t\u00e9cnico superior universitario, licenciatura e ingenier\u00edas.<\/p>\n","protected":false},"author":1,"featured_media":0,"parent":0,"menu_order":0,"comment_status":"closed","ping_status":"closed","template":"template-parts\/template-full-width.php","meta":{"footnotes":""},"class_list":["post-232","page","type-page","status-publish","hentry"],"_links":{"self":[{"href":"https:\/\/uttarahumara.edu.mx\/index.php?rest_route=\/wp\/v2\/pages\/232","targetHints":{"allow":["GET"]}}],"collection":[{"href":"https:\/\/uttarahumara.edu.mx\/index.php?rest_route=\/wp\/v2\/pages"}],"about":[{"href":"https:\/\/uttarahumara.edu.mx\/index.php?rest_route=\/wp\/v2\/types\/page"}],"author":[{"embeddable":true,"href":"https:\/\/uttarahumara.edu.mx\/index.php?rest_route=\/wp\/v2\/users\/1"}],"replies":[{"embeddable":true,"href":"https:\/\/uttarahumara.edu.mx\/index.php?rest_route=%2Fwp%2Fv2%2Fcomments&post=232"}],"version-history":[{"count":275,"href":"https:\/\/uttarahumara.edu.mx\/index.php?rest_route=\/wp\/v2\/pages\/232\/revisions"}],"predecessor-version":[{"id":1146,"href":"https:\/\/uttarahumara.edu.mx\/index.php?rest_route=\/wp\/v2\/pages\/232\/revisions\/1146"}],"wp:attachment":[{"href":"https:\/\/uttarahumara.edu.mx\/index.php?rest_route=%2Fwp%2Fv2%2Fmedia&parent=232"}],"curies":[{"name":"wp","href":"https:\/\/api.w.org\/{rel}","templated":true}]}}