{"id":13799,"date":"2023-09-11T03:19:12","date_gmt":"2023-09-11T03:19:12","guid":{"rendered":"https:\/\/uttarahumara.edu.mx\/nuevo\/?page_id=13799"},"modified":"2026-03-05T16:11:28","modified_gmt":"2026-03-05T16:11:28","slug":"servicios-escolares","status":"publish","type":"page","link":"https:\/\/uttarahumara.edu.mx\/nuevo\/servicios-escolares\/","title":{"rendered":"Servicios escolares"},"content":{"rendered":"\t\t<div data-elementor-type=\"wp-page\" data-elementor-id=\"13799\" class=\"elementor elementor-13799\">\n\t\t\t\t\t\t\t\t\t<section class=\"elementor-section elementor-top-section elementor-element elementor-element-235fbce6 elementor-section-boxed elementor-section-height-default elementor-section-height-default\" data-id=\"235fbce6\" data-element_type=\"section\" id=\"process\">\n\t\t\t\t\t\t<div class=\"elementor-container elementor-column-gap-default\">\n\t\t\t\t\t<div class=\"elementor-column elementor-col-100 elementor-top-column elementor-element elementor-element-4dfc87c2\" data-id=\"4dfc87c2\" data-element_type=\"column\">\n\t\t\t<div class=\"elementor-widget-wrap elementor-element-populated\">\n\t\t\t\t\t\t\t\t<section class=\"elementor-section elementor-inner-section elementor-element elementor-element-705e97c4 elementor-section-boxed elementor-section-height-default elementor-section-height-default\" data-id=\"705e97c4\" data-element_type=\"section\">\n\t\t\t\t\t\t<div class=\"elementor-container elementor-column-gap-default\">\n\t\t\t\t\t<div class=\"elementor-column elementor-col-100 elementor-inner-column elementor-element elementor-element-2456971\" data-id=\"2456971\" data-element_type=\"column\">\n\t\t\t<div class=\"elementor-widget-wrap elementor-element-populated\">\n\t\t\t\t\t\t\t\t<div class=\"elementor-element elementor-element-42fa08ed elementor-widget elementor-widget-hub_fancy_heading\" data-id=\"42fa08ed\" data-element_type=\"widget\" data-widget_type=\"hub_fancy_heading.default\">\n\t\t\t\t<div class=\"elementor-widget-container\">\n\t\t\t\n\t\t<div id=\"ld-fancy-heading-69f8d26b44c1c\" class=\"ld-fancy-heading pos-rel\">\n\t\t\t<h2 class=\"ld-fh-element d-inline-block pos-rel  elementor-heading-title lqd-highlight-classic lqd-highlight-grow-left h2\"  > Servicios Escolares<\/h2>\t\t<\/div>\n\n\t\t\t\t<\/div>\n\t\t\t\t<\/div>\n\t\t\t\t<div class=\"elementor-element elementor-element-a514218 elementor-widget elementor-widget-hub_fancy_heading\" data-id=\"a514218\" data-element_type=\"widget\" data-widget_type=\"hub_fancy_heading.default\">\n\t\t\t\t<div class=\"elementor-widget-container\">\n\t\t\t\n\t\t<div id=\"ld-fancy-heading-69f8d26b45ac7\" class=\"ld-fancy-heading pos-rel\">\n\t\t\t<h5 class=\"ld-fh-element d-inline-block pos-rel  elementor-heading-title lqd-highlight-classic lqd-highlight-grow-left h5\"  > Requisitos de Titulaci\u00f3n <\/h5>\t\t<\/div>\n\n\t\t\t\t<\/div>\n\t\t\t\t<\/div>\n\t\t\t\t\t<\/div>\n\t\t<\/div>\n\t\t\t\t\t\t\t<\/div>\n\t\t<\/section>\n\t\t\t\t<section class=\"elementor-section elementor-inner-section elementor-element elementor-element-54b17b8e elementor-section-boxed elementor-section-height-default elementor-section-height-default\" data-id=\"54b17b8e\" data-element_type=\"section\">\n\t\t\t\t\t\t<div class=\"elementor-container elementor-column-gap-default\">\n\t\t\t\t\t<div class=\"elementor-column elementor-col-50 elementor-inner-column elementor-element elementor-element-5524d54b\" data-id=\"5524d54b\" data-element_type=\"column\">\n\t\t\t<div class=\"elementor-widget-wrap elementor-element-populated\">\n\t\t\t\t\t\t\t\t<div class=\"elementor-element elementor-element-7dcae2a5 elementor-widget elementor-widget-ld_fancy_image\" data-id=\"7dcae2a5\" data-element_type=\"widget\" data-widget_type=\"ld_fancy_image.default\">\n\t\t\t\t<div class=\"elementor-widget-container\">\n\t\t\t\n\t\t<div class=\"lqd-imggrp-single d-block pos-rel \">\n\t\t\t<div class=\"lqd-imggrp-img-container d-inline-flex pos-rel align-items-center justify-content-center \">\n\t\t\t\t\t\t\t\t<figure class=\"w-100 pos-rel\">\n\t\t\t\t\t<img decoding=\"async\" width=\"660\" height=\"660\" src=\"https:\/\/uttarahumara.edu.mx\/nuevo\/wp-content\/uploads\/2023\/09\/pngegg.png\" class=\"attachment-full size-full wp-image-13814\" alt=\"\" srcset=\"https:\/\/uttarahumara.edu.mx\/nuevo\/wp-content\/uploads\/2023\/09\/pngegg.png 660w, https:\/\/uttarahumara.edu.mx\/nuevo\/wp-content\/uploads\/2023\/09\/pngegg-300x300.png 300w, https:\/\/uttarahumara.edu.mx\/nuevo\/wp-content\/uploads\/2023\/09\/pngegg-150x150.png 150w, https:\/\/uttarahumara.edu.mx\/nuevo\/wp-content\/uploads\/2023\/09\/pngegg-320x320.png 320w\" sizes=\"(max-width: 660px) 100vw, 660px\" itemprop=\"image\" \/>\t\t\t\t\t\t\t\t\t\t\t\t\t\t\t\t\t\t\t\t\t\t\t\t\t\t\t\t\t<\/figure>\n\t\t\t<\/div>\n\t\t<\/div>\n\n\t\t\t<\/div>\n\t\t\t\t<\/div>\n\t\t\t\t\t<\/div>\n\t\t<\/div>\n\t\t\t\t<div class=\"elementor-column elementor-col-50 elementor-inner-column elementor-element elementor-element-3d503bf7\" data-id=\"3d503bf7\" data-element_type=\"column\">\n\t\t\t<div class=\"elementor-widget-wrap elementor-element-populated\">\n\t\t\t\t\t\t\t\t<div class=\"elementor-element elementor-element-6e404462 elementor-align-left elementor-widget elementor-widget-ld_icon_box\" data-id=\"6e404462\" data-element_type=\"widget\" data-widget_type=\"ld_icon_box.default\">\n\t\t\t\t<div class=\"elementor-widget-container\">\n\t\t\t\n\t\t\t<div id=\"ld_icon_box_6e404462\" class=\"iconbox d-flex flex-grow-1 pos-rel z-index-2 iconbox-side iconbox-icon-shaped iconbox-circle iconbox-icon-linked\"   >\n\n\t\t\t\t\n\t\t\t\t<div class=\"iconbox-icon-wrap  pos-rel\"><div class=\"iconbox-icon-container d-inline-flex pos-rel z-index-1 border-radius-circle\"><i aria-hidden=\"true\" class=\"lqd-icn-ess icon-num-1\"><\/i><\/div><\/div>\n\t\t\t\t\n\t\t\t\t\n\t\t\t\t\n\t\t\t\t<h6 class=\"lqd-iconbox-heading \" >E-Firma( Archivo.cer de la firma electr\u00f3nica). <\/h6>\t\t\t\t<p><\/p>\n\t\t\t\t\n\t\t\t\t\n\t\t\t\t\n\t\t\t<\/div>\n\n\t\t\t\t<\/div>\n\t\t\t\t<\/div>\n\t\t\t\t<div class=\"elementor-element elementor-element-5524526b elementor-align-left elementor-widget elementor-widget-ld_icon_box\" data-id=\"5524526b\" data-element_type=\"widget\" data-widget_type=\"ld_icon_box.default\">\n\t\t\t\t<div class=\"elementor-widget-container\">\n\t\t\t\n\t\t\t<div id=\"ld_icon_box_5524526b\" class=\"iconbox d-flex flex-grow-1 pos-rel z-index-2 iconbox-side iconbox-icon-shaped iconbox-circle iconbox-icon-linked\"   >\n\n\t\t\t\t\n\t\t\t\t<div class=\"iconbox-icon-wrap  pos-rel\"><div class=\"iconbox-icon-container d-inline-flex pos-rel z-index-1 border-radius-circle\"><i aria-hidden=\"true\" class=\"lqd-icn-ess icon-num-2\"><\/i><\/div><\/div>\n\t\t\t\t\n\t\t\t\t\n\t\t\t\t\n\t\t\t\t<h3 class=\"lqd-iconbox-heading \" >Constancia de no adeudo,debidamente firmada y sellada por cada una de las \u00e1reas corresponientes.<br> <\/h3>\t\t\t\t<p><\/p>\n\t\t\t\t\n\t\t\t\t\n\t\t\t\t\n\t\t\t<\/div>\n\n\t\t\t\t<\/div>\n\t\t\t\t<\/div>\n\t\t\t\t<div class=\"elementor-element elementor-element-377ebe1c elementor-align-left elementor-widget elementor-widget-ld_icon_box\" data-id=\"377ebe1c\" data-element_type=\"widget\" data-widget_type=\"ld_icon_box.default\">\n\t\t\t\t<div class=\"elementor-widget-container\">\n\t\t\t\n\t\t\t<div id=\"ld_icon_box_377ebe1c\" class=\"iconbox d-flex flex-grow-1 pos-rel z-index-2 iconbox-side iconbox-icon-shaped iconbox-circle iconbox-icon-linked\"   >\n\n\t\t\t\t\n\t\t\t\t<div class=\"iconbox-icon-wrap  pos-rel\"><div class=\"iconbox-icon-container d-inline-flex pos-rel z-index-1 border-radius-circle\"><i aria-hidden=\"true\" class=\"lqd-icn-ess icon-num-3\"><\/i><\/div><\/div>\n\t\t\t\t\n\t\t\t\t\n\t\t\t\t\n\t\t\t\t<h3 class=\"lqd-iconbox-heading \" >1 Fotograf\u00eda digital (930X1063 px)  y 7 tama\u00f1o infantil auto adheribles.<br> <\/h3>\t\t\t\t<p><\/p>\n\t\t\t\t\n\t\t\t\t\n\t\t\t\t\n\t\t\t<\/div>\n\n\t\t\t\t<\/div>\n\t\t\t\t<\/div>\n\t\t\t\t<div class=\"elementor-element elementor-element-7eda856 elementor-align-left elementor-widget elementor-widget-ld_icon_box\" data-id=\"7eda856\" data-element_type=\"widget\" data-widget_type=\"ld_icon_box.default\">\n\t\t\t\t<div class=\"elementor-widget-container\">\n\t\t\t\n\t\t\t<div id=\"ld_icon_box_7eda856\" class=\"iconbox d-flex flex-grow-1 pos-rel z-index-2 iconbox-side iconbox-icon-shaped iconbox-circle iconbox-icon-linked\"   >\n\n\t\t\t\t\n\t\t\t\t<div class=\"iconbox-icon-wrap  pos-rel\"><div class=\"iconbox-icon-container d-inline-flex pos-rel z-index-1 border-radius-circle\"><i aria-hidden=\"true\" class=\"lqd-icn-ess icon-num-4\"><\/i><\/div><\/div>\n\t\t\t\t\n\t\t\t\t\n\t\t\t\t\n\t\t\t\t<h3 class=\"lqd-iconbox-heading \" >CURP Vigente <\/h3>\t\t\t\t<p><\/p>\n\t\t\t\t\n\t\t\t\t\n\t\t\t\t\n\t\t\t<\/div>\n\n\t\t\t\t<\/div>\n\t\t\t\t<\/div>\n\t\t\t\t<div class=\"elementor-element elementor-element-2917754 elementor-align-left elementor-widget elementor-widget-ld_icon_box\" data-id=\"2917754\" data-element_type=\"widget\" data-widget_type=\"ld_icon_box.default\">\n\t\t\t\t<div class=\"elementor-widget-container\">\n\t\t\t\n\t\t\t<div id=\"ld_icon_box_2917754\" class=\"iconbox d-flex flex-grow-1 pos-rel z-index-2 iconbox-side iconbox-icon-shaped iconbox-circle iconbox-icon-linked\"   >\n\n\t\t\t\t\n\t\t\t\t<div class=\"iconbox-icon-wrap  pos-rel\"><div class=\"iconbox-icon-container d-inline-flex pos-rel z-index-1 border-radius-circle\"><i aria-hidden=\"true\" class=\"lqd-icn-ess icon-num-5\"><\/i><\/div><\/div>\n\t\t\t\t\n\t\t\t\t\n\t\t\t\t\n\t\t\t\t<h3 class=\"lqd-iconbox-heading \" >Certificado de Bachillerato original  <\/h3>\t\t\t\t<p><\/p>\n\t\t\t\t\n\t\t\t\t\n\t\t\t\t\n\t\t\t<\/div>\n\n\t\t\t\t<\/div>\n\t\t\t\t<\/div>\n\t\t\t\t<div class=\"elementor-element elementor-element-9a4dc2e elementor-align-left elementor-widget elementor-widget-ld_icon_box\" data-id=\"9a4dc2e\" data-element_type=\"widget\" data-widget_type=\"ld_icon_box.default\">\n\t\t\t\t<div class=\"elementor-widget-container\">\n\t\t\t\n\t\t\t<div id=\"ld_icon_box_9a4dc2e\" class=\"iconbox d-flex flex-grow-1 pos-rel z-index-2 iconbox-side iconbox-icon-shaped iconbox-circle iconbox-icon-linked\"   >\n\n\t\t\t\t\n\t\t\t\t<div class=\"iconbox-icon-wrap  pos-rel\"><div class=\"iconbox-icon-container d-inline-flex pos-rel z-index-1 border-radius-circle\"><i aria-hidden=\"true\" class=\"lqd-icn-ess icon-num-6\"><\/i><\/div><\/div>\n\t\t\t\t\n\t\t\t\t\n\t\t\t\t\n\t\t\t\t<h3 class=\"lqd-iconbox-heading \" >Acta de nacimiento original Vigente <\/h3>\t\t\t\t<p><\/p>\n\t\t\t\t\n\t\t\t\t\n\t\t\t\t\n\t\t\t<\/div>\n\n\t\t\t\t<\/div>\n\t\t\t\t<\/div>\n\t\t\t\t\t<\/div>\n\t\t<\/div>\n\t\t\t\t\t\t\t<\/div>\n\t\t<\/section>\n\t\t\t\t\t<\/div>\n\t\t<\/div>\n\t\t\t\t\t\t\t<\/div>\n\t\t<\/section>\n\t\t\t\t<section class=\"elementor-section elementor-top-section elementor-element elementor-element-5920c089 elementor-section-boxed elementor-section-height-default elementor-section-height-default\" data-id=\"5920c089\" data-element_type=\"section\" data-settings=\"{&quot;background_background&quot;:&quot;classic&quot;,&quot;shape_divider_top&quot;:&quot;lqd-custom-shape-12&quot;}\" data-e-bg-lazyload=\"\">\n\t\t\t\t\t\t\t<div class=\"elementor-background-overlay\"><\/div>\n\t\t\t\t\t\t<div class=\"elementor-shape elementor-shape-top\" data-negative=\"false\">\n\t\t\t<svg class=\"lqd-custom-shape\" xmlns=\"http:\/\/www.w3.org\/2000\/svg\" preserveAspectRatio=\"none\"  viewBox=\"0 0 1440 150\">\n    <path class=\"elementor-shape-fill\" d=\"M 0 26.1978 C 275.76 83.8152 430.707 65.0509 716.279 25.6386 C 930.422 -3.86123 1210.32 -3.98357 1439 9.18045 C 2072.34 45.9691 2201.93 62.4429 2560 26.198 V 172.199 L 0 172.199 V 26.1978 Z\">\n        <animate repeatCount=\"indefinite\" fill=\"freeze\" attributeName=\"d\" dur=\"10s\" values=\"M0 25.9086C277 84.5821 433 65.736 720 25.9086C934.818 -3.9019 1214.06 -5.23669 1442 8.06597C2079 45.2421 2208 63.5007 2560 25.9088V171.91L0 171.91V25.9086Z; M0 86.3149C316 86.315 444 159.155 884 51.1554C1324 -56.8446 1320.29 34.1214 1538 70.4063C1814 116.407 2156 188.408 2560 86.315V232.317L0 232.316V86.3149Z; M0 53.6584C158 11.0001 213 0 363 0C513 0 855.555 115.001 1154 115.001C1440 115.001 1626 -38.0004 2560 53.6585V199.66L0 199.66V53.6584Z; M0 25.9086C277 84.5821 433 65.736 720 25.9086C934.818 -3.9019 1214.06 -5.23669 1442 8.06597C2079 45.2421 2208 63.5007 2560 25.9088V171.91L0 171.91V25.9086Z\">\n        <\/animate>\n    <\/path>\n<\/svg>\t\t<\/div>\n\t\t\t\t\t<div class=\"elementor-container elementor-column-gap-default\">\n\t\t\t\t\t<div class=\"elementor-column elementor-col-100 elementor-top-column elementor-element elementor-element-104ae1e2\" data-id=\"104ae1e2\" data-element_type=\"column\">\n\t\t\t<div class=\"elementor-widget-wrap elementor-element-populated\">\n\t\t\t\t\t\t\t\t<div class=\"elementor-element elementor-element-2982110d elementor-widget elementor-widget-hub_fancy_heading\" data-id=\"2982110d\" data-element_type=\"widget\" data-widget_type=\"hub_fancy_heading.default\">\n\t\t\t\t<div class=\"elementor-widget-container\">\n\t\t\t\n\t\t<div id=\"ld-fancy-heading-69f8d26b5cbb1\" class=\"ld-fancy-heading pos-rel\">\n\t\t\t<h2 class=\"ld-fh-element d-inline-block pos-rel  elementor-heading-title lqd-highlight-classic lqd-highlight-grow-left h2\"  > Tienes alguna pregunta comunicate al \u00e1rea de servicios escolares <span style=\"font-family: Playfair Display, palatino, serif;font-weight: bold;color: #fff\"><em><\/em><\/span><\/h2>\t\t<\/div>\n\n\t\t\t\t<\/div>\n\t\t\t\t<\/div>\n\t\t\t\t\t<\/div>\n\t\t<\/div>\n\t\t\t\t\t\t\t<\/div>\n\t\t<\/section>\n\t\t\t\t\t\t\t<\/div>\n\t\t","protected":false},"excerpt":{"rendered":"<p>Servicios Escolares Requisitos de Titulaci\u00f3n E-Firma( Archivo.cer de la firma electr\u00f3nica). Constancia de no adeudo,debidamente firmada y sellada por cada una de las \u00e1reas corresponientes. 1 Fotograf\u00eda digital (930X1063 px) y 7 tama\u00f1o infantil auto adheribles. CURP Vigente Certificado de Bachillerato original Acta de nacimiento original Vigente Tienes alguna pregunta comunicate al \u00e1rea de servicios [&hellip;]<\/p>\n","protected":false},"author":1,"featured_media":0,"parent":0,"menu_order":0,"comment_status":"closed","ping_status":"closed","template":"","meta":{"footnotes":""},"class_list":["post-13799","page","type-page","status-publish","hentry"],"_links":{"self":[{"href":"https:\/\/uttarahumara.edu.mx\/nuevo\/wp-json\/wp\/v2\/pages\/13799","targetHints":{"allow":["GET"]}}],"collection":[{"href":"https:\/\/uttarahumara.edu.mx\/nuevo\/wp-json\/wp\/v2\/pages"}],"about":[{"href":"https:\/\/uttarahumara.edu.mx\/nuevo\/wp-json\/wp\/v2\/types\/page"}],"author":[{"embeddable":true,"href":"https:\/\/uttarahumara.edu.mx\/nuevo\/wp-json\/wp\/v2\/users\/1"}],"replies":[{"embeddable":true,"href":"https:\/\/uttarahumara.edu.mx\/nuevo\/wp-json\/wp\/v2\/comments?post=13799"}],"version-history":[{"count":14,"href":"https:\/\/uttarahumara.edu.mx\/nuevo\/wp-json\/wp\/v2\/pages\/13799\/revisions"}],"predecessor-version":[{"id":15309,"href":"https:\/\/uttarahumara.edu.mx\/nuevo\/wp-json\/wp\/v2\/pages\/13799\/revisions\/15309"}],"wp:attachment":[{"href":"https:\/\/uttarahumara.edu.mx\/nuevo\/wp-json\/wp\/v2\/media?parent=13799"}],"curies":[{"name":"wp","href":"https:\/\/api.w.org\/{rel}","templated":true}]}}