{"id":13853,"date":"2023-09-25T03:57:46","date_gmt":"2023-09-25T03:57:46","guid":{"rendered":"https:\/\/uttarahumara.edu.mx\/nuevo\/?page_id=13853"},"modified":"2025-05-07T18:25:42","modified_gmt":"2025-05-07T18:25:42","slug":"agricultura-sustentable-y-protegida","status":"publish","type":"page","link":"https:\/\/uttarahumara.edu.mx\/nuevo\/agricultura-sustentable-y-protegida\/","title":{"rendered":"Agricultura sustentable y protegida"},"content":{"rendered":"\t\t<div data-elementor-type=\"wp-page\" data-elementor-id=\"13853\" class=\"elementor elementor-13853\">\n\t\t\t\t\t\t\t\t\t<section class=\"elementor-section elementor-top-section elementor-element elementor-element-bda85ec elementor-section-boxed elementor-section-height-default elementor-section-height-default\" data-id=\"bda85ec\" data-element_type=\"section\" data-settings=\"{&quot;background_background&quot;:&quot;classic&quot;}\" data-e-bg-lazyload=\"\">\n\t\t\t\t\t\t\t<div class=\"elementor-background-overlay\"><\/div>\n\t\t\t\t\t\t\t<div class=\"elementor-container elementor-column-gap-default\">\n\t\t\t\t\t<div class=\"elementor-column elementor-col-100 elementor-top-column elementor-element elementor-element-36e7bd77\" data-id=\"36e7bd77\" data-element_type=\"column\">\n\t\t\t<div class=\"elementor-widget-wrap\">\n\t\t\t\t\t\t\t\t\t<\/div>\n\t\t<\/div>\n\t\t\t\t\t\t\t<\/div>\n\t\t<\/section>\n\t\t\t\t<section class=\"elementor-section elementor-top-section elementor-element elementor-element-4d303ca2 elementor-section-boxed elementor-section-height-default elementor-section-height-default\" data-id=\"4d303ca2\" data-element_type=\"section\" id=\"history\">\n\t\t\t\t\t\t<div class=\"elementor-container elementor-column-gap-default\">\n\t\t\t\t\t<div class=\"elementor-column elementor-col-50 elementor-top-column elementor-element elementor-element-6d6c36b7\" data-id=\"6d6c36b7\" data-element_type=\"column\">\n\t\t\t<div class=\"elementor-widget-wrap elementor-element-populated\">\n\t\t\t\t\t\t\t\t<div class=\"elementor-element elementor-element-4275a89 elementor-widget elementor-widget-ld_flipbox\" data-id=\"4275a89\" data-element_type=\"widget\" data-widget_type=\"ld_flipbox.default\">\n\t\t\t\t<div class=\"elementor-widget-container\">\n\t\t\t\t\t<div class=\"ld-flipbox d-flex flex-column justify-content-center align-items-center pos-rel perspective   \">\n\t\t\t<div class=\"ld-flipbox-wrap w-100 pos-rel transform-style-3d\">\n\t\t\t\t<div id=\"front-4275a89\" class=\"ld-flipbox-face ld-flipbox-front d-flex flex-column w-100 backface-hidden transform-style-3d\">\n\t\t\t\t\t\t<span class=\"ld-flipbox-overlay lqd-overlay\">\n\t\t\t\t\t\t<\/span><div class=\"ld-flipbox-inner w-100 flex-grow-1 align-items-center justify-content-center backface-hidden\"><\/div><\/div><div id=\"back-4275a89\" class=\"ld-flipbox-face ld-flipbox-back d-flex flex-column lqd-overlay backface-hidden transform-style-3d\">\n\t\t\t\t\t\t<span class=\"ld-flipbox-overlay lqd-overlay\">\n\t\t\t\t\t\t<\/span><div class=\"ld-flipbox-inner d-flex flex-column flex-grow-1 align-items-center justify-content-center w-100 backface-hidden\"><\/div><\/div>\t\t\t<\/div>\n\t\t<\/div>\n\t\t\t\t<\/div>\n\t\t\t\t<\/div>\n\t\t\t\t\t<\/div>\n\t\t<\/div>\n\t\t\t\t<div class=\"elementor-column elementor-col-50 elementor-top-column elementor-element elementor-element-4c1ace61\" data-id=\"4c1ace61\" data-element_type=\"column\">\n\t\t\t<div class=\"elementor-widget-wrap elementor-element-populated\">\n\t\t\t\t\t\t\t\t<div class=\"elementor-element elementor-element-5f477e4 elementor-widget elementor-widget-ld_accordion\" data-id=\"5f477e4\" data-element_type=\"widget\" data-widget_type=\"ld_accordion.default\">\n\t\t\t\t<div class=\"elementor-widget-container\">\n\t\t\t\n\t\t<div class=\"accordion accordion-sm accordion-side-spacing accordion-title-bg-transparent accordion-active-has-fill\" id=\"accordion-69dfed332b54f\" role=\"tablist\" aria-multiselectable=\"true\">\n\t\t\t\t\t\t\t\t\t\t\t\t<div class=\"accordion-item panel  active\">\n\n\t\t\t\t<div class=\"accordion-heading\" role=\"tab\" id=\"heading-9991\">\n\t\t\t\t<h4 class=\"accordion-title  tabindex=\"-1\">\t\t\t\t\t<a class=\"\" role=\"button\" data-toggle=\"collapse\" data-bs-toggle=\"collapse\"\n                    tabindex=\"0\"\n\t\t\t\t\tdata-parent=\"#accordion-69dfed332b54f\" data-bs-parent=\"#accordion-69dfed332b54f\" href=\"#collapse-9991\" data-target=\"#collapse-9991\" data-bs-target=\"#collapse-9991\"\n\t\t\t\t\taria-expanded=\"true\" aria-controls=\"collapse-9991\">\n\t\t\t\t\t\t\t\t\t\t\t\t<span class=\"accordion-title-txt\">PERFIL DE INGRESO<\/span>\n\t\t\t\t\t\t\t\t\t\t\t\t\t<span class=\"accordion-expander\"><i class=\"fa fa-chevron-down\"><\/i><i class=\"fa fa-chevron-up\"><\/i><\/span>\t\t\t\t\t\t\t\t\t\t\t<\/a>\n\t\t\t\t<\/h4>\t\t\t\t<\/div>\n\n\t\t\t\t<div id=\"collapse-9991\" class=\"accordion-collapse collapse  show\" data-bs-parent=\"#accordion-69dfed332b54f\" role=\"tabpanel\" aria-labelledby=\"heading-9991\">\n\n\t\t\t\t<div class=\"accordion-content\">\n\t\t\t\t\t<p align=\"justify\">Los aspirantes a ingresar al Programa Educativo de T\u00e9cnico Superior Universitario en Agricultura Sustentable y Protegida deben contar con los conocimientos, habilidades, actitudes y valores, que le permitan comprender los fundamentos b\u00e1sicos de las ciencias agr\u00edcolas, y transitar sin problemas durante su formaci\u00f3n profesional en el programa educativo.<\/p><div align=\"justify\">El aspirante a cursar la carrera en Agricultura Sustentable y Protegida deber\u00e1:<ul><li>Tener conocimientos en ciencias b\u00e1sicas a nivel medio superior de matem\u00e1ticas, f\u00edsica y biolog\u00eda.<\/li><li>Tener mentalidad cr\u00edtica, anal\u00edtica y s\u00f3lida para la resoluci\u00f3n de problemas dentro del sector agr\u00edcola.<\/li><li>Poseer capacidad de comunicaci\u00f3n y trabajo en equipo.<\/li><\/ul><\/div>\t\t\t\t<\/div>\n\n\t\t\t\t<\/div>\n\n\t\t\t<\/div>\n\t\t\t\t\t\t\t\t\t<div class=\"accordion-item panel \">\n\n\t\t\t\t<div class=\"accordion-heading\" role=\"tab\" id=\"heading-9992\">\n\t\t\t\t<h4 class=\"accordion-title  tabindex=\"-1\">\t\t\t\t\t<a class=\"collapsed\" role=\"button\" data-toggle=\"collapse\" data-bs-toggle=\"collapse\"\n                    tabindex=\"0\"\n\t\t\t\t\tdata-parent=\"#accordion-69dfed332b54f\" data-bs-parent=\"#accordion-69dfed332b54f\" href=\"#collapse-9992\" data-target=\"#collapse-9992\" data-bs-target=\"#collapse-9992\"\n\t\t\t\t\taria-expanded=\"false\" aria-controls=\"collapse-9992\">\n\t\t\t\t\t\t\t\t\t\t\t\t<span class=\"accordion-title-txt\">PERFIL DE EGRESO<\/span>\n\t\t\t\t\t\t\t\t\t\t\t\t\t<span class=\"accordion-expander\"><i class=\"fa fa-chevron-down\"><\/i><i class=\"fa fa-chevron-up\"><\/i><\/span>\t\t\t\t\t\t\t\t\t\t\t<\/a>\n\t\t\t\t<\/h4>\t\t\t\t<\/div>\n\n\t\t\t\t<div id=\"collapse-9992\" class=\"accordion-collapse collapse \" data-bs-parent=\"#accordion-69dfed332b54f\" role=\"tabpanel\" aria-labelledby=\"heading-9992\">\n\n\t\t\t\t<div class=\"accordion-content\">\n\t\t\t\t\t<p style=\"text-align: justify;\">El egresado en Agricultura Sustentable y Protegida ser\u00e1 capaz de diagnosticar, proponer, implementar, coordinar y programar el proceso de producci\u00f3n agr\u00edcola a trav\u00e9s de t\u00e9cnicas agron\u00f3micas, control y automatizaci\u00f3n de los sistemas a campo abierto y unidades de producci\u00f3n protegida para garantizar su rentabilidad y contribuir a la sustentabilidad y desarrollo de la regi\u00f3n.<\/p>\t\t\t\t<\/div>\n\n\t\t\t\t<\/div>\n\n\t\t\t<\/div>\n\t\t\t\t\t\t\n\t\t<\/div>\n\n\t\t\t\t<\/div>\n\t\t\t\t<\/div>\n\t\t\t\t\t<\/div>\n\t\t<\/div>\n\t\t\t\t\t\t\t<\/div>\n\t\t<\/section>\n\t\t\t\t<section data-section-luminosity=\"light\" class=\"elementor-section elementor-top-section elementor-element elementor-element-e07e6ff elementor-section-boxed elementor-section-height-default elementor-section-height-default\" data-id=\"e07e6ff\" data-element_type=\"section\" data-settings=\"{&quot;background_background&quot;:&quot;gradient&quot;,&quot;shape_divider_bottom&quot;:&quot;opacity-tilt&quot;,&quot;shape_divider_top&quot;:&quot;opacity-tilt&quot;}\">\n\t\t\t\t\t<div class=\"elementor-shape elementor-shape-top\" data-negative=\"false\">\n\t\t\t<svg xmlns=\"http:\/\/www.w3.org\/2000\/svg\" viewBox=\"0 0 2600 131.1\" preserveAspectRatio=\"none\">\n\t<path class=\"elementor-shape-fill\" d=\"M0 0L2600 0 2600 69.1 0 0z\"\/>\n\t<path class=\"elementor-shape-fill\" style=\"opacity:0.5\" d=\"M0 0L2600 0 2600 69.1 0 69.1z\"\/>\n\t<path class=\"elementor-shape-fill\" style=\"opacity:0.25\" d=\"M2600 0L0 0 0 130.1 2600 69.1z\"\/>\n<\/svg>\t\t<\/div>\n\t\t\t\t<div class=\"elementor-shape elementor-shape-bottom\" data-negative=\"false\">\n\t\t\t<svg xmlns=\"http:\/\/www.w3.org\/2000\/svg\" viewBox=\"0 0 2600 131.1\" preserveAspectRatio=\"none\">\n\t<path class=\"elementor-shape-fill\" d=\"M0 0L2600 0 2600 69.1 0 0z\"\/>\n\t<path class=\"elementor-shape-fill\" style=\"opacity:0.5\" d=\"M0 0L2600 0 2600 69.1 0 69.1z\"\/>\n\t<path class=\"elementor-shape-fill\" style=\"opacity:0.25\" d=\"M2600 0L0 0 0 130.1 2600 69.1z\"\/>\n<\/svg>\t\t<\/div>\n\t\t\t\t\t<div class=\"elementor-container elementor-column-gap-no\">\n\t\t\t\t\t<div class=\"elementor-column elementor-col-100 elementor-top-column elementor-element elementor-element-372c2482\" data-id=\"372c2482\" data-element_type=\"column\">\n\t\t\t<div class=\"elementor-widget-wrap elementor-element-populated\">\n\t\t\t\t\t\t\t\t<section class=\"elementor-section elementor-inner-section elementor-element elementor-element-32010267 elementor-section-boxed elementor-section-height-default elementor-section-height-default\" data-id=\"32010267\" data-element_type=\"section\">\n\t\t\t\t\t\t<div class=\"elementor-container elementor-column-gap-default\">\n\t\t\t\t\t<div class=\"elementor-column elementor-col-50 elementor-inner-column elementor-element elementor-element-27a6f5d9\" data-id=\"27a6f5d9\" data-element_type=\"column\" data-settings=\"{&quot;background_background&quot;:&quot;gradient&quot;}\">\n\t\t\t<div class=\"elementor-widget-wrap elementor-element-populated\">\n\t\t\t\t\t\t\t\t<div class=\"elementor-element elementor-element-e9fef36 elementor-widget elementor-widget-ld_slideshow_2\" data-id=\"e9fef36\" data-element_type=\"widget\" data-widget_type=\"ld_slideshow_2.default\">\n\t\t\t\t<div class=\"elementor-widget-container\">\n\t\t\t\n\t\t<div class=\"lqd-vslider\">\n\n\t\t\t<div class=\"lqd-vslider-scrn w-100 pos-rel overflow-hidden\" data-lqd-slideshow=\"true\" data-inview=\"true\" data-slideshow-options=\"{&quot;handler&quot;:&quot;mouseenter&quot;}\">\n\n\t\t\t\t<span class=\"lqd-vslider-loader d-inline-flex align-items-center justify-content-center border-radius-6 pos-abs z-index-3\">\n\t\t\t\t\t<span class=\"d-inline-flex border-radius-circle\"><\/span>\n\t\t\t\t<\/span>\n\n\t\t\t\t<div class=\"lqd-vslider-scrn-inner pos-rel overflow-hidden h-100\">\n\n\t\t\t\t\t<div class=\"lqd-vslider-ext lqd-overlay\">\n\n\t\t\t\t\t\t<ul class=\"reset-ul pos-rel\">\n\t\t\t\t\t\t\t\t\t\t\t\t\t\t\t\t\t\t\t\t\t\t<li class=\"z-index-3 pt-3 ps-3 pe-3 m-0 pos-abs is-active\">\n\t\t\t\t\t\t\t\t\t\t\t\t\t\t\t\t<\/li>\n\t\t\t\t\t\t\t\t\t\t\t\t\t\t\t\t\t\t\t\t\t\t<li class=\"z-index-3 pt-3 ps-3 pe-3 m-0 pos-abs \">\n\t\t\t\t\t\t\t\t\t\t\t\t\t\t\t\t<\/li>\n\t\t\t\t\t\t\t\t\t\t\t\t\t\t\t\t\t\t\t\t<\/ul>\n\n\t\t\t\t\t<\/div>\n\n\t\t\t\t\t<div class=\"lqd-vslider-images lqd-overlay z-index-0\">\n\t\t\t\t\t\t\t\t\t\t\t\t\t\t\t\t\t\t\t<figure class=\"pos-abs overflow-hidden is-active\">\n\t\t\t\t\t\t\t<img decoding=\"async\" class=\"w-100 h-100 lqd-overlay objfit-cover objfit-center\" src=\"data:image\/gif;base64,R0lGODlhAQABAAD\/ACwAAAAAAQABAAACADs=\" data-src=\"https:\/\/uttarahumara.edu.mx\/nuevo\/wp-content\/uploads\/2025\/05\/IMG_1727-Mejorado-NR-1.jpg\" alt=\"\" \/>\t\t\t\t\t\t\t<\/figure>\n\t\t\t\t\t\t\t\t\t\t\t\t\t\t\t\t\t\t\t<figure class=\"pos-abs overflow-hidden \">\n\t\t\t\t\t\t\t<img decoding=\"async\" class=\"w-100 h-100 lqd-overlay objfit-cover objfit-center\" src=\"data:image\/gif;base64,R0lGODlhAQABAAD\/ACwAAAAAAQABAAACADs=\" data-src=\"https:\/\/uttarahumara.edu.mx\/nuevo\/wp-content\/uploads\/2025\/05\/agro-2.png\" alt=\"\" \/>\t\t\t\t\t\t\t<\/figure>\n\t\t\t\t\t\t\t\t\t\t\t\t\t\t\t\t\t<\/div>\n\n\n\t\t\t\t\t<div class=\"lqd-vslider-menu lqd-overlay z-index-2\">\n\n\t\t\t\t\t\t<ul class=\"reset-ul d-flex flex-column lqd-overlay text-vertical\">\n\t\t\t\t\t\t\t\t\t\t\t\t\t\t\t\t\t\t\t\t\t\t<li class=\"d-flex align-items-end p-4 m-0 pos-rel is-active\">\n\t\t\t\t\t\t\t\t\t<a class=\"lqd-webgl-slideshow-link p-4\" href=\"#\">\n\t\t\t\t\t\t\t\t\t\t<span class=\"d-inline-flex\"><\/span>\n\t\t\t\t\t\t\t\t\t<\/a>\n\t\t\t\t\t\t\t\t<\/li>\n\t\t\t\t\t\t\t\t\t\t\t\t\t\t\t\t\t\t\t\t\t\t<li class=\"d-flex align-items-end p-4 m-0 pos-rel \">\n\t\t\t\t\t\t\t\t\t<a class=\"lqd-webgl-slideshow-link p-4\" href=\"#\">\n\t\t\t\t\t\t\t\t\t\t<span class=\"d-inline-flex\"><\/span>\n\t\t\t\t\t\t\t\t\t<\/a>\n\t\t\t\t\t\t\t\t<\/li>\n\t\t\t\t\t\t\t\t\t\t\t\t\t\t\t\t\t\t\t\t<\/ul>\n\n\t\t\t\t\t<\/div>\n\n\t\t\t\t<\/div>\n\n\t\t\t\t\n\t\t\t<\/div>\n\n\t\t<\/div>\n\n\t\t\t\t<\/div>\n\t\t\t\t<\/div>\n\t\t\t\t\t<\/div>\n\t\t<\/div>\n\t\t\t\t<div class=\"elementor-column elementor-col-50 elementor-inner-column elementor-element elementor-element-111bf848\" data-id=\"111bf848\" data-element_type=\"column\" data-settings=\"{&quot;background_background&quot;:&quot;gradient&quot;}\">\n\t\t\t<div class=\"elementor-widget-wrap elementor-element-populated\">\n\t\t\t\t\t\t\t\t<div class=\"elementor-element elementor-element-009d902 elementor-widget elementor-widget-ld_tabs\" data-id=\"009d902\" data-element_type=\"widget\" data-widget_type=\"ld_tabs.default\">\n\t\t\t\t<div class=\"elementor-widget-container\">\n\t\t\t\t\t<div class=\"lqd-tabs lqd-tabs-style-13 d-flex lqd-tabs-nav-items-not-expanded  009d902 lqd-nav-underline-\" data-tabs-options=\"{&quot;trigger&quot;:&quot;click&quot;}\">\n\n\t\t\t<nav class=\"lqd-tabs-nav-wrap\">\n\t\t\t\t<ul class=\"reset-ul lqd-tabs-nav d-flex flex-column pos-rel\" role=\"tablist\"><li data-controls=\"lqd-tab-6451\" role=\"presentation\" class=\"elementor-repeater-item-b39799a active\"><a class=\"d-block mb-2\" href=\"#lqd-tab-6451\" data-bs-target=\"#lqd-tab-6451\" aria-expanded=\"false\" aria-controls=\"lqd-tab-6451\" role=\"tab\" data-toggle=\"tab\" data-bs-toggle=\"tab\"><span class=\"lqd-tabs-nav-txt\"><\/span><span class=\"lqd-tabs-nav-ext\">MISI\u00d3N <\/span><span class=\"lqd-tabs-nav-icon-icon d-inline-flex align-items-center justify-content-center me-5 border-radius-circle\"><svg aria-hidden=\"true\" class=\"e-font-icon-svg e-far-handshake\" viewBox=\"0 0 640 512\" xmlns=\"http:\/\/www.w3.org\/2000\/svg\"><path d=\"M519.2 127.9l-47.6-47.6A56.252 56.252 0 0 0 432 64H205.2c-14.8 0-29.1 5.9-39.6 16.3L118 127.9H0v255.7h64c17.6 0 31.8-14.2 31.9-31.7h9.1l84.6 76.4c30.9 25.1 73.8 25.7 105.6 3.8 12.5 10.8 26 15.9 41.1 15.9 18.2 0 35.3-7.4 48.8-24 22.1 8.7 48.2 2.6 64-16.8l26.2-32.3c5.6-6.9 9.1-14.8 10.9-23h57.9c.1 17.5 14.4 31.7 31.9 31.7h64V127.9H519.2zM48 351.6c-8.8 0-16-7.2-16-16s7.2-16 16-16 16 7.2 16 16c0 8.9-7.2 16-16 16zm390-6.9l-26.1 32.2c-2.8 3.4-7.8 4-11.3 1.2l-23.9-19.4-30 36.5c-6 7.3-15 4.8-18 2.4l-36.8-31.5-15.6 19.2c-13.9 17.1-39.2 19.7-55.3 6.6l-97.3-88H96V175.8h41.9l61.7-61.6c2-.8 3.7-1.5 5.7-2.3H262l-38.7 35.5c-29.4 26.9-31.1 72.3-4.4 101.3 14.8 16.2 61.2 41.2 101.5 4.4l8.2-7.5 108.2 87.8c3.4 2.8 3.9 7.9 1.2 11.3zm106-40.8h-69.2c-2.3-2.8-4.9-5.4-7.7-7.7l-102.7-83.4 12.5-11.4c6.5-6 7-16.1 1-22.6L367 167.1c-6-6.5-16.1-6.9-22.6-1l-55.2 50.6c-9.5 8.7-25.7 9.4-34.6 0-9.3-9.9-8.5-25.1 1.2-33.9l65.6-60.1c7.4-6.8 17-10.5 27-10.5l83.7-.2c2.1 0 4.1.8 5.5 2.3l61.7 61.6H544v128zm48 47.7c-8.8 0-16-7.2-16-16s7.2-16 16-16 16 7.2 16 16c0 8.9-7.2 16-16 16z\"><\/path><\/svg><\/span><\/a><\/li><li data-controls=\"lqd-tab-6452\" role=\"presentation\" class=\"elementor-repeater-item-ecd630b\"><a class=\"d-block mb-2\" href=\"#lqd-tab-6452\" data-bs-target=\"#lqd-tab-6452\" aria-expanded=\"false\" aria-controls=\"lqd-tab-6452\" role=\"tab\" data-toggle=\"tab\" data-bs-toggle=\"tab\"><span class=\"lqd-tabs-nav-txt\"><\/span><span class=\"lqd-tabs-nav-ext\">VISI\u00d3N <\/span><span class=\"lqd-tabs-nav-icon-icon d-inline-flex align-items-center justify-content-center me-5 border-radius-circle\"><svg aria-hidden=\"true\" class=\"e-font-icon-svg e-fas-eye\" viewBox=\"0 0 576 512\" xmlns=\"http:\/\/www.w3.org\/2000\/svg\"><path d=\"M572.52 241.4C518.29 135.59 410.93 64 288 64S57.68 135.64 3.48 241.41a32.35 32.35 0 0 0 0 29.19C57.71 376.41 165.07 448 288 448s230.32-71.64 284.52-177.41a32.35 32.35 0 0 0 0-29.19zM288 400a144 144 0 1 1 144-144 143.93 143.93 0 0 1-144 144zm0-240a95.31 95.31 0 0 0-25.31 3.79 47.85 47.85 0 0 1-66.9 66.9A95.78 95.78 0 1 0 288 160z\"><\/path><\/svg><\/span><\/a><\/li><li data-controls=\"lqd-tab-6453\" role=\"presentation\" class=\"elementor-repeater-item-18f0ea8\"><a class=\"d-block mb-2\" href=\"#lqd-tab-6453\" data-bs-target=\"#lqd-tab-6453\" aria-expanded=\"false\" aria-controls=\"lqd-tab-6453\" role=\"tab\" data-toggle=\"tab\" data-bs-toggle=\"tab\"><span class=\"lqd-tabs-nav-txt\"><\/span><span class=\"lqd-tabs-nav-ext\">VALORES<\/span><span class=\"lqd-tabs-nav-icon-icon d-inline-flex align-items-center justify-content-center me-5 border-radius-circle\"><svg aria-hidden=\"true\" class=\"e-font-icon-svg e-far-gem\" viewBox=\"0 0 576 512\" xmlns=\"http:\/\/www.w3.org\/2000\/svg\"><path d=\"M464 0H112c-4 0-7.8 2-10 5.4L2 152.6c-2.9 4.4-2.6 10.2.7 14.2l276 340.8c4.8 5.9 13.8 5.9 18.6 0l276-340.8c3.3-4.1 3.6-9.8.7-14.2L474.1 5.4C471.8 2 468.1 0 464 0zm-19.3 48l63.3 96h-68.4l-51.7-96h56.8zm-202.1 0h90.7l51.7 96H191l51.6-96zm-111.3 0h56.8l-51.7 96H68l63.3-96zm-43 144h51.4L208 352 88.3 192zm102.9 0h193.6L288 435.3 191.2 192zM368 352l68.2-160h51.4L368 352z\"><\/path><\/svg><\/span><\/a><\/li><li data-controls=\"lqd-tab-6454\" role=\"presentation\" class=\"elementor-repeater-item-b476788\"><a class=\"d-block mb-2\" href=\"#lqd-tab-6454\" data-bs-target=\"#lqd-tab-6454\" aria-expanded=\"false\" aria-controls=\"lqd-tab-6454\" role=\"tab\" data-toggle=\"tab\" data-bs-toggle=\"tab\"><span class=\"lqd-tabs-nav-txt\"><\/span><span class=\"lqd-tabs-nav-ext\">OBJETIVOS<\/span><span class=\"lqd-tabs-nav-icon-icon d-inline-flex align-items-center justify-content-center me-5 border-radius-circle\"><svg aria-hidden=\"true\" class=\"e-font-icon-svg e-far-object-group\" viewBox=\"0 0 512 512\" xmlns=\"http:\/\/www.w3.org\/2000\/svg\"><path d=\"M500 128c6.627 0 12-5.373 12-12V44c0-6.627-5.373-12-12-12h-72c-6.627 0-12 5.373-12 12v12H96V44c0-6.627-5.373-12-12-12H12C5.373 32 0 37.373 0 44v72c0 6.627 5.373 12 12 12h12v256H12c-6.627 0-12 5.373-12 12v72c0 6.627 5.373 12 12 12h72c6.627 0 12-5.373 12-12v-12h320v12c0 6.627 5.373 12 12 12h72c6.627 0 12-5.373 12-12v-72c0-6.627-5.373-12-12-12h-12V128h12zm-52-64h32v32h-32V64zM32 64h32v32H32V64zm32 384H32v-32h32v32zm416 0h-32v-32h32v32zm-40-64h-12c-6.627 0-12 5.373-12 12v12H96v-12c0-6.627-5.373-12-12-12H72V128h12c6.627 0 12-5.373 12-12v-12h320v12c0 6.627 5.373 12 12 12h12v256zm-36-192h-84v-52c0-6.628-5.373-12-12-12H108c-6.627 0-12 5.372-12 12v168c0 6.628 5.373 12 12 12h84v52c0 6.628 5.373 12 12 12h200c6.627 0 12-5.372 12-12V204c0-6.628-5.373-12-12-12zm-268-24h144v112H136V168zm240 176H232v-24h76c6.627 0 12-5.372 12-12v-76h56v112z\"><\/path><\/svg><\/span><\/a><\/li><\/ul>\t\t\t\t\t\t\t<\/nav>\n\n\t\t\t<div class=\"lqd-tabs-content ps-6 pos-rel\"><div id=\"lqd-tab-6451\" role=\"tabpanel\" class=\"lqd-tabs-pane fade active in\"><span style=\"font-size: 24px; font-family: arial, helvetica, sans-serif;\"> <h4 style=\"text-align: center;\" >Misi\u00f3n<\/h4>\u00a0<\/span>\n<p style=\"text-align: justify;\">El programa educativo de Agricultura Sustentable y Protegida tiene como misi\u00f3n ser un programa acreditado formador de profesionales humanistas; preparados para contribuir al incremento y desarrollo agr\u00edcola sostenible de la regi\u00f3n tarahumara a trav\u00e9s de capital humano altamente capacitado y con un alto nivel de vinculaci\u00f3n con el sector productivo y social.<\/p> <\/div><div id=\"lqd-tab-6452\" role=\"tabpanel\" class=\"lqd-tabs-pane fade\"> <h4 style=\"text-align: center;\" >Visi\u00f3n<\/h4>\u00a0<p style=\"text-align: justify;\">Seremos un programa educativo acreditado, reconocido por la calidad de sus egresados en su campo de acci\u00f3n, excelencia acad\u00e9mica y tecnol\u00f3gica que impulsa la investigaci\u00f3n contribuyendo as\u00ed a la mejora del desarrollo regional y del pa\u00eds.<\/p> <\/div><div id=\"lqd-tab-6453\" role=\"tabpanel\" class=\"lqd-tabs-pane fade\"> <h4 style=\"text-align: center;\" >Valores<\/h4>\u00a0\n<p align=\"justify\">Lealtad<\/p>\n\n<div align=\"justify\">\n<ul>\n \t<li>A la instituci\u00f3n educativa de la que somos parte.<\/li>\n \t<li>Al equipo de trabajo.<\/li>\n \t<li>A uno mismo con la congruencia en las responsabilidades adquiridas.<\/li>\n \t<li>A los estudiantes de la instituci\u00f3n.<\/li>\n<\/ul>\n\n<hr \/>\n\nHonestidad\n<ul>\n \t<li>Con los resultados de nuestro trabajo<\/li>\n \t<li>Con el equipo de trabajo<\/li>\n \t<li>Con la normatividad aplicable<\/li>\n<\/ul>\n\n<hr \/>\n\nRespeto\n<ul>\n \t<li>Entre los compa\u00f1eros de trabajo.<\/li>\n \t<li>A la diversidad cultural en la comunidad universitaria.<\/li>\n \t<li>A las normas, procesos, reglamentos y pol\u00edticas de la instituci\u00f3n.<\/li>\n \t<li>A las jerarqu\u00edas y autoridades de la instituci\u00f3n.<\/li>\n \t<li>Al trabajo de los compa\u00f1eros.<\/li>\n \t<li>Al cuidado del medio ambiente.<\/li>\n<\/ul>\n\n<hr \/>\n\nResponsabilidad\n<ul>\n \t<li>Al cumplimiento del trabajo.<\/li>\n \t<li>Hacia los objetivos de la instituci\u00f3n.<\/li>\n \t<li>Con el uso de los recursos de la instituci\u00f3n.<\/li>\n<\/ul>\n\n<hr \/>\n\nActitud De Servicio\n<ul>\n \t<li>Con los estudiantes de la Universidad.<\/li>\n \t<li>Con los compa\u00f1eros de trabajo.<\/li>\n \t<li>Con el sector social y gubernamental.<\/li>\n<\/ul>\n<\/div> <\/div><div id=\"lqd-tab-6454\" role=\"tabpanel\" class=\"lqd-tabs-pane fade\"> <h4 style=\"text-align: center;\" >Objetivos<\/h4>\u00a0\n<ol>\n \t<li>Asegurar el desarrollo permanente del capital humano para operar los procesos de la carrera de Agriculturas Sustentable y Protegida.<\/li>\n \t<li>Lograr la formaci\u00f3n integral e incluyente de los estudiantes de la carrera de Agriculturas Sustentable y Protegida.<\/li>\n \t<li>Garantizar una vinculaci\u00f3n efectiva y permanente con el sector social y productivo en la zona de influencia.<\/li>\n \t<li>Contribuir a la implementaci\u00f3n del desarrollo de la investigaci\u00f3n cient\u00edfica y el desarrollo tecnol\u00f3gico.<\/li>\n \t<li>Alcanzar la acreditaci\u00f3n de la carrera de Agriculturas Sustentable y Protegida para Incrementar la colocaci\u00f3n de egresados en la zona de influencia.<\/li>\n \t<li>Consolidar la matr\u00edcula escolar de la carrera de Agriculturas Sustentable y Protegida a trav\u00e9s del incremento de la satisfacci\u00f3n del cliente.<\/li>\n<\/ol> <\/div><\/div>\n\t\t<\/div>\n\t\t\t<\/div>\n\t\t\t\t<\/div>\n\t\t\t\t\t<\/div>\n\t\t<\/div>\n\t\t\t\t\t\t\t<\/div>\n\t\t<\/section>\n\t\t\t\t\t<\/div>\n\t\t<\/div>\n\t\t\t\t\t\t\t<\/div>\n\t\t<\/section>\n\t\t\t\t\t\t\t<\/div>\n\t\t","protected":false},"excerpt":{"rendered":"<p>PERFIL DE EGRESO El egresado en Agricultura Sustentable y Protegida ser\u00e1 capaz de diagnosticar, proponer, implementar, coordinar y programar el proceso de producci\u00f3n agr\u00edcola a trav\u00e9s de t\u00e9cnicas agron\u00f3micas, control y automatizaci\u00f3n de los sistemas a campo abierto y unidades de producci\u00f3n protegida para garantizar su rentabilidad y contribuir a la sustentabilidad y desarrollo de [&hellip;]<\/p>\n","protected":false},"author":1,"featured_media":0,"parent":0,"menu_order":0,"comment_status":"closed","ping_status":"closed","template":"","meta":{"footnotes":""},"class_list":["post-13853","page","type-page","status-publish","hentry"],"_links":{"self":[{"href":"https:\/\/uttarahumara.edu.mx\/nuevo\/wp-json\/wp\/v2\/pages\/13853","targetHints":{"allow":["GET"]}}],"collection":[{"href":"https:\/\/uttarahumara.edu.mx\/nuevo\/wp-json\/wp\/v2\/pages"}],"about":[{"href":"https:\/\/uttarahumara.edu.mx\/nuevo\/wp-json\/wp\/v2\/types\/page"}],"author":[{"embeddable":true,"href":"https:\/\/uttarahumara.edu.mx\/nuevo\/wp-json\/wp\/v2\/users\/1"}],"replies":[{"embeddable":true,"href":"https:\/\/uttarahumara.edu.mx\/nuevo\/wp-json\/wp\/v2\/comments?post=13853"}],"version-history":[{"count":118,"href":"https:\/\/uttarahumara.edu.mx\/nuevo\/wp-json\/wp\/v2\/pages\/13853\/revisions"}],"predecessor-version":[{"id":15007,"href":"https:\/\/uttarahumara.edu.mx\/nuevo\/wp-json\/wp\/v2\/pages\/13853\/revisions\/15007"}],"wp:attachment":[{"href":"https:\/\/uttarahumara.edu.mx\/nuevo\/wp-json\/wp\/v2\/media?parent=13853"}],"curies":[{"name":"wp","href":"https:\/\/api.w.org\/{rel}","templated":true}]}}