{"id":13975,"date":"2024-02-09T19:30:35","date_gmt":"2024-02-09T19:30:35","guid":{"rendered":"https:\/\/uttarahumara.edu.mx\/nuevo\/?page_id=13975"},"modified":"2024-02-23T15:12:36","modified_gmt":"2024-02-23T15:12:36","slug":"reservacion","status":"publish","type":"page","link":"https:\/\/uttarahumara.edu.mx\/nuevo\/reservacion\/","title":{"rendered":"Reservaci\u00f3n de aulas"},"content":{"rendered":"\t\t<div data-elementor-type=\"wp-page\" data-elementor-id=\"13975\" class=\"elementor elementor-13975\">\n\t\t\t\t\t\t\t\t\t<section class=\"elementor-section elementor-top-section elementor-element elementor-element-3a306f2d elementor-section-content-middle elementor-section-boxed elementor-section-height-default elementor-section-height-default\" data-id=\"3a306f2d\" data-element_type=\"section\" data-settings=\"{&quot;background_background&quot;:&quot;classic&quot;}\" data-e-bg-lazyload=\"\">\n\t\t\t\t\t\t<div class=\"elementor-container elementor-column-gap-default\">\n\t\t\t\t\t<div class=\"elementor-column elementor-col-100 elementor-top-column elementor-element elementor-element-79f75e36\" data-id=\"79f75e36\" data-element_type=\"column\">\n\t\t\t<div class=\"elementor-widget-wrap elementor-element-populated\">\n\t\t\t\t\t\t\t\t<div class=\"elementor-element elementor-element-4e62669c elementor-widget elementor-widget-hub_fancy_heading\" data-id=\"4e62669c\" data-element_type=\"widget\" data-widget_type=\"hub_fancy_heading.default\">\n\t\t\t\t<div class=\"elementor-widget-container\">\n\t\t\t\n\t\t<div id=\"ld-fancy-heading-69f4eae897a8e\" class=\"ld-fancy-heading pos-rel\">\n\t\t\t<h1 class=\"ld-fh-element d-inline-block pos-rel  elementor-heading-title lqd-highlight-classic lqd-highlight-grow-left h1\"  > Reservaci\u00f3n de Aulas<\/h1>\t\t<\/div>\n\n\t\t\t\t<\/div>\n\t\t\t\t<\/div>\n\t\t\t\t\t<\/div>\n\t\t<\/div>\n\t\t\t\t\t\t\t<\/div>\n\t\t<\/section>\n\t\t<div class=\"elementor-element elementor-element-4298bfbf e-flex e-con-boxed e-con\" data-id=\"4298bfbf\" data-element_type=\"container\" data-settings=\"{&quot;background_background&quot;:&quot;gradient&quot;,&quot;shape_divider_bottom&quot;:&quot;lqd-custom-shape-8&quot;,&quot;content_width&quot;:&quot;boxed&quot;}\">\n\t\t\t\t\t<div class=\"e-con-inner\">\n\t\t\t\t<div class=\"elementor-shape elementor-shape-bottom\" data-negative=\"false\">\n\t\t\t<svg class=\"lqd-custom-shape\" xmlns=\"http:\/\/www.w3.org\/2000\/svg\" viewBox=\"0 0 1440 100\" preserveAspectRatio=\"none\">\n    <path class=\"elementor-shape-fill\" id=\"Row_Separator\" data-name=\"Row Separator\" d=\"M1440,0Q1080,99,720,99T0,0V100H1440Z\" \/>\n<\/svg>\t\t<\/div>\n\t\t<div class=\"elementor-element elementor-element-7536dd32 e-con-full e-flex e-con\" data-id=\"7536dd32\" data-element_type=\"container\" data-settings=\"{&quot;content_width&quot;:&quot;full&quot;,&quot;shape_divider_bottom&quot;:&quot;lqd-custom-shape-15&quot;,&quot;position&quot;:&quot;absolute&quot;}\">\n\t\t\t\t<div class=\"elementor-shape elementor-shape-bottom\" data-negative=\"false\">\n\t\t\t<svg class=\"lqd-custom-shape\"  fill=\"none\" height=\"461\" viewBox=\"0 0 1440 461\" width=\"1440\" xmlns=\"http:\/\/www.w3.org\/2000\/svg\" preserveAspectRatio=\"none\">\n  <path class=\"elementor-shape-fill\" d=\"m0 131.906 34.4-20.017c34.4-19.9 103.2-59.936 171.68-82.979 68.64-23.043 136.8-29.328003 205.44-4.306 68.48 25.022 137.28 81.35 205.76 80.768 68.64-.582 136.8-58.074 205.44-84.608 68.48-26.535 137.28-22.345 205.76-16.06 68.64 6.168 136.8 14.315 205.44 22.811 68.48 8.612 137.28 17.457 171.68 22l34.4 4.422v396.851h-1440z\" fill-opacity=\".09\">\n    <animate repeatCount=\"indefinite\" fill=\"freeze\" attributeName=\"d\" dur=\"10s\" values=\"M0 131.906L34.4 111.889C68.8 91.989 137.6 51.953 206.08 28.91C274.72 5.867 342.88 -0.418001 411.52 24.604C480 49.626 548.8 105.954 617.28 105.372C685.92 104.79 754.08 47.298 822.72 20.764C891.2 -5.771 960 -1.581 1028.48 4.704C1097.12 10.872 1165.28 19.019 1233.92 27.515C1302.4 36.127 1371.2 44.972 1405.6 49.515L1440 53.937V450.788H0L0 131.906Z; M0 122.906L36.5 109C71.5 96.372 102.52 67.98 171 44.937C239.64 21.894 354.36 51.478 423 76.5C491.48 101.522 546.52 19.097 615 18.515C683.64 17.933 799.36 58.534 868 32C936.48 5.46499 1039.52 54.715 1108 61C1176.64 67.168 1190.36 -6.996 1259 1.5C1327.48 10.112 1371.2 35.972 1405.6 40.515L1440 44.937V441.788H0L0 122.906Z; M0 131.906L34.4 111.889C68.8 91.989 137.6 51.953 206.08 28.91C274.72 5.867 342.88 -0.418001 411.52 24.604C480 49.626 548.8 105.954 617.28 105.372C685.92 104.79 754.08 47.298 822.72 20.764C891.2 -5.771 960 -1.581 1028.48 4.704C1097.12 10.872 1165.28 19.019 1233.92 27.515C1302.4 36.127 1371.2 44.972 1405.6 49.515L1440 53.937V450.788H0L0 131.906Z\">\n    <\/animate>\n  <\/path>\n  <path class=\"elementor-shape-fill\" d=\"M0 154.75L34.4 142.201C68.8 129.53 137.6 104.433 206.08 99.072C274.72 93.833 342.88 108.453 411.52 122.099C480 135.622 548.8 148.293 617.28 142.811C685.92 137.329 754.08 113.693 822.72 113.693C891.2 113.693 960 137.329 1028.48 152.68C1097.12 168.153 1165.28 175.463 1233.92 184.966C1302.4 194.591 1371.2 206.287 1405.6 212.257L1440 218.105V452.025H0L0 154.75Z\" fill-opacity=\".28\">\n    <animate repeatCount=\"indefinite\" fill=\"freeze\" attributeName=\"d\" dur=\"8s\" values=\"M0 154.75C0 154.75 12.8 142.902 34.4 142.201C56 141.5 140.02 160.111 208.5 154.75C277.14 149.511 334.36 112.57 403 126.216C471.48 139.739 552.52 190.448 621 184.966C689.64 179.484 745.36 116 814 116C882.48 116 950.52 161.149 1019 176.5C1087.64 191.973 1154.36 123.997 1223 133.5C1291.48 143.125 1371.2 206.287 1405.6 212.257L1440 218.105V452.025H0L0 154.75Z; M0 154.75C0 154.75 33.4 177.201 55 176.5C76.6 175.799 137.52 110.361 206 105C274.64 99.761 332.86 141.104 401.5 154.75C469.98 168.273 527.52 206.982 596 201.5C664.64 196.018 747.86 75 816.5 75C884.98 75 956.52 118.149 1025 133.5C1093.64 148.973 1163.36 87.497 1232 97C1300.48 106.625 1371.2 206.287 1405.6 212.257L1440 218.105V452.025H0L0 154.75Z; M0 154.75C0 154.75 12.8 142.902 34.4 142.201C56 141.5 140.02 160.111 208.5 154.75C277.14 149.511 334.36 112.57 403 126.216C471.48 139.739 552.52 190.448 621 184.966C689.64 179.484 745.36 116 814 116C882.48 116 950.52 161.149 1019 176.5C1087.64 191.973 1154.36 123.997 1223 133.5C1291.48 143.125 1371.2 206.287 1405.6 212.257L1440 218.105V452.025H0L0 154.75Z\">\n    <\/animate>\n  <\/path>\n  <path class=\"elementor-shape-fill\" d=\"M0 340.22L34.4 333.92C68.8 327.52 137.6 314.92 206.08 312.22C274.72 309.52 342.88 316.92 411.52 319.72C480 322.52 548.8 320.92 617.28 318.92C685.92 316.92 754.08 314.52 822.72 316.02C891.2 317.52 960 322.92 1028.48 309.42C1097.12 295.92 1165.28 263.52 1233.92 251.02C1302.4 238.52 1371.2 245.92 1405.6 249.52L1440 253.22V453.22H0L0 340.22Z\">\n    <animate repeatCount=\"indefinite\" fill=\"freeze\" attributeName=\"d\" dur=\"6.5s\" values=\"M0 340.22L34.4 333.92C68.8 327.52 139.02 281.2 207.5 278.5C276.14 275.8 351.86 331.12 420.5 333.92C488.98 336.72 554.52 289 623 287C691.64 285 756.86 332.42 825.5 333.92C893.98 335.42 960 322.92 1028.48 309.42C1097.12 295.92 1163.36 236 1232 223.5C1300.48 211 1371.2 245.92 1405.6 249.52L1440 253.22V453.22H0L0 340.22Z; M0 340.22L37.5 323C71.9 316.6 137.52 336.62 206 333.92C274.64 331.22 339.86 272.2 408.5 275C476.98 277.8 551.02 304 619.5 302C688.14 300 759.36 266.5 828 268C896.48 269.5 962.02 336.5 1030.5 323C1099.14 309.5 1156.36 232.5 1225 220C1293.48 207.5 1364.1 249.62 1398.5 253.22L1440 253.22V453.22H0L0 340.22Z; M0 340.22L34.4 333.92C68.8 327.52 139.02 281.2 207.5 278.5C276.14 275.8 351.86 331.12 420.5 333.92C488.98 336.72 554.52 289 623 287C691.64 285 756.86 332.42 825.5 333.92C893.98 335.42 960 322.92 1028.48 309.42C1097.12 295.92 1163.36 236 1232 223.5C1300.48 211 1371.2 245.92 1405.6 249.52L1440 253.22V453.22H0L0 340.22Z\">\n    <\/animate>\n  <\/path>\n  <path class=\"elementor-shape-fill\" d=\"M1440 337.719L1405.6 340.219C1371.2 342.719 1302.4 347.719 1233.92 350.419C1165.28 353.019 1097.12 353.419 1028.48 352.219C960 351.019 891.2 348.419 822.72 357.019C754.08 365.719 685.92 385.719 617.28 395.919C548.8 406.019 480 406.419 411.52 395.919C342.88 385.419 274.72 364.019 206.08 359.419C137.6 354.719 68.8 366.719 34.4 372.719L0 378.719V460.719H1440V337.719Z\">\n    <animate repeatCount=\"indefinite\" fill=\"freeze\" attributeName=\"d\" dur=\"5.5s\" values=\"M1440 337.719L1405.6 340.219C1371.2 342.719 1303.98 362.8 1235.5 365.5C1166.86 368.1 1090.14 324.2 1021.5 323C953.02 321.8 889.48 383.4 821 392C752.36 400.7 678.64 368.519 610 378.719C541.52 388.819 473.48 414.5 405 404C336.36 393.5 273.64 342.319 205 337.719C136.52 333.019 68.8 366.719 34.4 372.719L0 378.719V460.719H1440V337.719Z; M1440 337.719L1405.6 340.219C1371.2 342.719 1295.98 326.3 1227.5 329C1158.86 331.6 1081.64 391.2 1013 390C944.52 388.8 874.48 364.119 806 372.719C737.36 381.419 675.14 296.3 606.5 306.5C538.02 316.6 471.48 383.219 403 372.719C334.36 362.219 272.64 320.6 204 316C135.52 311.3 68.8 366.719 34.4 372.719L0 378.719V460.719H1440V337.719Z; M1440 337.719L1405.6 340.219C1371.2 342.719 1303.98 362.8 1235.5 365.5C1166.86 368.1 1090.14 324.2 1021.5 323C953.02 321.8 889.48 383.4 821 392C752.36 400.7 678.64 368.519 610 378.719C541.52 388.819 473.48 414.5 405 404C336.36 393.5 273.64 342.319 205 337.719C136.52 333.019 68.8 366.719 34.4 372.719L0 378.719V460.719H1440V337.719Z\">\n    <\/animate>\n  <\/path>\n<\/svg>\t\t<\/div>\n\t\t\t\t<\/div>\n\t\t\t\t<div class=\"elementor-element elementor-element-5c3bbd2d elementor-absolute elementor-widget elementor-widget-ld_fancy_image\" data-id=\"5c3bbd2d\" data-element_type=\"widget\" data-settings=\"{&quot;_position&quot;:&quot;absolute&quot;}\" data-widget_type=\"ld_fancy_image.default\">\n\t\t\t\t<div class=\"elementor-widget-container\">\n\t\t\t\n\t\t<div class=\"lqd-imggrp-single d-block pos-rel \">\n\t\t\t<div class=\"lqd-imggrp-img-container d-inline-flex pos-rel align-items-center justify-content-center \">\n\t\t\t\t\t\t\t\t<figure class=\"w-100 pos-rel\">\n\t\t\t\t\t<img decoding=\"async\" width=\"869\" height=\"453\" src=\"https:\/\/uttarahumara.edu.mx\/nuevo\/wp-content\/uploads\/2024\/02\/Waves.svg\" class=\"attachment-full size-full wp-image-14003\" alt=\"\" itemprop=\"image\" \/>\t\t\t\t\t\t\t\t\t\t\t\t\t\t\t\t\t\t\t\t\t\t\t\t\t\t\t\t\t<\/figure>\n\t\t\t<\/div>\n\t\t<\/div>\n\n\t\t\t<\/div>\n\t\t\t\t<\/div>\n\t\t\t\t<div class=\"elementor-element elementor-element-2038da72 elementor-absolute elementor-widget elementor-widget-ld_fancy_image\" data-id=\"2038da72\" data-element_type=\"widget\" data-settings=\"{&quot;_position&quot;:&quot;absolute&quot;}\" data-widget_type=\"ld_fancy_image.default\">\n\t\t\t\t<div class=\"elementor-widget-container\">\n\t\t\t\n\t\t<div class=\"lqd-imggrp-single d-block pos-rel \">\n\t\t\t<div class=\"lqd-imggrp-img-container d-inline-flex pos-rel align-items-center justify-content-center \">\n\t\t\t\t\t\t\t\t<figure class=\"w-100 pos-rel\">\n\t\t\t\t\t<img decoding=\"async\" width=\"254\" height=\"254\" src=\"https:\/\/uttarahumara.edu.mx\/nuevo\/wp-content\/uploads\/2024\/02\/Ellipse.svg\" class=\"attachment-full size-full wp-image-14004\" alt=\"\" itemprop=\"image\" \/>\t\t\t\t\t\t\t\t\t\t\t\t\t\t\t\t\t\t\t\t\t\t\t\t\t\t\t\t\t<\/figure>\n\t\t\t<\/div>\n\t\t<\/div>\n\n\t\t\t<\/div>\n\t\t\t\t<\/div>\n\t\t<div class=\"elementor-element elementor-element-24a9a7c5 e-con-full e-flex e-con\" data-id=\"24a9a7c5\" data-element_type=\"container\" data-settings=\"{&quot;content_width&quot;:&quot;full&quot;}\">\n\t\t<div data-custom-animations=\"true\" data-ca-options=\"{&quot;addChildTimelines&quot;:false,&quot;trigger&quot;:&quot;firstChild&quot;,&quot;animationTarget&quot;:&quot;:scope  &gt; .elementor-element:not(.lqd-exclude-parent-ca) &gt; .elementor-widget-container, :scope  &gt; .elementor-widget-hub_fancy_heading .lqd-split-lines .lqd-lines .split-inner, :scope  &gt; .elementor-widget-hub_fancy_heading .lqd-split-words .lqd-words .split-inner, :scope  &gt; .elementor-widget-hub_fancy_heading .lqd-split-chars .lqd-chars .split-inner, :scope  &gt; .elementor-widget-hub_fancy_heading .lqd-adv-txt-fig, :scope  &gt; .elementor-widget-ld_custom_menu .lqd-fancy-menu &gt; ul &gt; li&quot;,&quot;duration&quot;:750,&quot;delay&quot;:55,&quot;ease&quot;:&quot;expo.out&quot;,&quot;initValues&quot;:{&quot;y&quot;:&quot;60px&quot;,&quot;opacity&quot;:0,&quot;transformOrigin&quot;:&quot;50% 50% 0px&quot;},&quot;animations&quot;:{&quot;y&quot;:&quot;0px&quot;,&quot;opacity&quot;:1,&quot;transformOrigin&quot;:&quot;50% 50% 0px&quot;}}\" class=\"elementor-element elementor-element-3c706fbe e-con-full e-flex e-con\" data-id=\"3c706fbe\" data-element_type=\"container\" data-settings=\"{&quot;content_width&quot;:&quot;full&quot;}\">\n\t\t\t\t<div data-parallax=\"true\" data-parallax-options=\"{&quot;ease&quot;:[&quot;linear&quot;],&quot;start&quot;:&quot;top bottom&quot;,&quot;end&quot;:&quot;bottom+=0px top&quot;}\" data-parallax-from=\"{&quot;x&quot;:&quot;-79px&quot;,&quot;y&quot;:&quot;280px&quot;,&quot;rotationZ&quot;:0,&quot;transformOrigin&quot;:&quot;50% 50% 0px&quot;}\" data-parallax-to=\"{&quot;x&quot;:&quot;0px&quot;,&quot;y&quot;:&quot;-257px&quot;,&quot;rotationZ&quot;:92,&quot;transformOrigin&quot;:&quot;50% 50% 0px&quot;}\" class=\"elementor-element elementor-element-1d83b3f9 elementor-absolute elementor-widget elementor-widget-ld_fancy_image\" data-id=\"1d83b3f9\" data-element_type=\"widget\" data-settings=\"{&quot;_position&quot;:&quot;absolute&quot;}\" data-widget_type=\"ld_fancy_image.default\">\n\t\t\t\t<div class=\"elementor-widget-container\">\n\t\t\t\n\t\t<div class=\"lqd-imggrp-single d-block pos-rel \">\n\t\t\t<div class=\"lqd-imggrp-img-container d-inline-flex pos-rel align-items-center justify-content-center \">\n\t\t\t\t\t\t\t\t<figure class=\"w-100 pos-rel\">\n\t\t\t\t\t<img decoding=\"async\" width=\"128\" height=\"150\" src=\"data:image\/svg+xml;charset=utf-8,%3Csvg xmlns%3D&#039;http%3A%2F%2Fwww.w3.org%2F2000%2Fsvg&#039; viewBox%3D&#039;0 0 128 150&#039;%2F%3E\" class=\"attachment-full size-full wp-image-14005 ld-lazyload\" alt=\"\" itemprop=\"image\" data-src=\"https:\/\/uttarahumara.edu.mx\/nuevo\/wp-content\/uploads\/2024\/02\/prlx-img.png\" data-aspect=\"0.85333333333333\" \/>\t\t\t\t\t\t\t\t\t\t\t\t\t\t\t\t\t\t\t\t\t\t\t\t\t\t\t\t\t<\/figure>\n\t\t\t<\/div>\n\t\t<\/div>\n\n\t\t\t<\/div>\n\t\t\t\t<\/div>\n\t\t\t\t<div class=\"elementor-element elementor-element-36274653 elementor-widget elementor-widget-hub_fancy_heading\" data-id=\"36274653\" data-element_type=\"widget\" data-widget_type=\"hub_fancy_heading.default\">\n\t\t\t\t<div class=\"elementor-widget-container\">\n\t\t\t\n\t\t<div id=\"ld-fancy-heading-69f4eae8b4f1a\" class=\"ld-fancy-heading pos-rel\">\n\t\t\t<p class=\"ld-fh-element d-inline-block pos-rel  lqd-highlight-classic lqd-highlight-grow-left p\"  > INSTRUCCIONES:<\/p>\t\t<\/div>\n\n\t\t\t\t<\/div>\n\t\t\t\t<\/div>\n\t\t\t\t<div class=\"elementor-element elementor-element-4207f166 elementor-widget__width-inherit elementor-widget elementor-widget-hub_fancy_heading\" data-id=\"4207f166\" data-element_type=\"widget\" data-widget_type=\"hub_fancy_heading.default\">\n\t\t\t\t<div class=\"elementor-widget-container\">\n\t\t\t\n\t\t<div id=\"ld-fancy-heading-69f4eae8b5b73\" class=\"ld-fancy-heading pos-rel\">\n\t\t\t<p class=\"ld-fh-element d-inline-block pos-rel  lqd-highlight-classic lqd-highlight-grow-left p\"  > 1. Seleccionar el icono con el nombre del aula a reservar.<br>2. Seleccionar fecha y hora del evento.<br>3. llenar el formulario con los datos correspondientes.<br>4. Dar clic en el bot\u00f3n de reservar.<br>5. Una vez aprobado por el \u00e1rea correspondiente llegara una notificaci\u00f3n por medio de correo\n<\/p>\t\t<\/div>\n\n\t\t\t\t<\/div>\n\t\t\t\t<\/div>\n\t\t\t\t<\/div>\n\t\t<div data-custom-animations=\"true\" data-ca-options=\"{&quot;addChildTimelines&quot;:false,&quot;trigger&quot;:&quot;firstChild&quot;,&quot;animationTarget&quot;:&quot;:scope  &gt; .elementor-element:not(.lqd-exclude-parent-ca) &gt; .elementor-widget-container, :scope  &gt; .elementor-widget-hub_fancy_heading .lqd-split-lines .lqd-lines .split-inner, :scope  &gt; .elementor-widget-hub_fancy_heading .lqd-split-words .lqd-words .split-inner, :scope  &gt; .elementor-widget-hub_fancy_heading .lqd-split-chars .lqd-chars .split-inner, :scope  &gt; .elementor-widget-hub_fancy_heading .lqd-adv-txt-fig, :scope  &gt; .elementor-widget-ld_custom_menu .lqd-fancy-menu &gt; ul &gt; li&quot;,&quot;duration&quot;:750,&quot;startDelay&quot;:500,&quot;delay&quot;:55,&quot;ease&quot;:&quot;expo.out&quot;,&quot;initValues&quot;:{&quot;y&quot;:&quot;70px&quot;,&quot;scaleX&quot;:0.5,&quot;scaleY&quot;:0.5,&quot;opacity&quot;:0,&quot;transformOrigin&quot;:&quot;50% 50% 0px&quot;},&quot;animations&quot;:{&quot;y&quot;:&quot;0px&quot;,&quot;scaleX&quot;:1,&quot;scaleY&quot;:1,&quot;opacity&quot;:1,&quot;transformOrigin&quot;:&quot;50% 50% 0px&quot;}}\" class=\"elementor-element elementor-element-1c2b74a5 e-con-full e-flex e-con\" data-id=\"1c2b74a5\" data-element_type=\"container\" data-settings=\"{&quot;content_width&quot;:&quot;full&quot;}\">\n\t\t\t\t<div class=\"lqd-iconbox-scale elementor-element elementor-element-2a0af153 elementor-align-center elementor-widget__width-initial elementor-widget elementor-widget-ld_icon_box\" data-id=\"2a0af153\" data-element_type=\"widget\" data-settings=\"{&quot;enable_scale_animation&quot;:&quot;yes&quot;}\" data-widget_type=\"ld_icon_box.default\">\n\t\t\t\t<div class=\"elementor-widget-container\">\n\t\t\t\n\t\t\t<div id=\"ld_icon_box_2a0af153\" class=\"iconbox d-flex flex-grow-1 pos-rel flex-column iconbox-default iconbox-icon-shaped iconbox-circle iconbox-heading-arrow-onhover p-0 iconbox-bubble iconbox-contents-show-onhover\"   >\n\n\t\t\t\t\n\t\t\t\t<div class=\"iconbox-icon-wrap  \"><div class=\"iconbox-icon-container d-inline-flex pos-rel z-index-1 border-radius-circle\"><svg aria-hidden=\"true\" class=\"e-font-icon-svg e-fas-video\" viewBox=\"0 0 576 512\" xmlns=\"http:\/\/www.w3.org\/2000\/svg\"><path d=\"M336.2 64H47.8C21.4 64 0 85.4 0 111.8v288.4C0 426.6 21.4 448 47.8 448h288.4c26.4 0 47.8-21.4 47.8-47.8V111.8c0-26.4-21.4-47.8-47.8-47.8zm189.4 37.7L416 177.3v157.4l109.6 75.5c21.2 14.6 50.4-.3 50.4-25.8V127.5c0-25.4-29.1-40.4-50.4-25.8z\"><\/path><\/svg><\/div><\/div>\n\t\t\t\t<h3 class=\"lqd-iconbox-heading \" >Audiovisual <svg class=\"d-inline-block\" xmlns=\"http:\/\/www.w3.org\/2000\/svg\" width=\"12\" height=\"32\" viewBox=\"0 0 12 32\"><path fill=\"currentColor\" d=\"M8.375 16L.437 8.062C-.125 7.5-.125 6.5.438 5.938s1.563-.563 2.126 0l9 9c.562.562.624 1.5.062 2.062l-9.063 9.063c-.312.312-.687.437-1.062.437s-.75-.125-1.063-.438c-.562-.562-.562-1.562 0-2.125z\" fill=\"currentColor\"><\/path><\/svg><\/h3>\n\t\t\t\t\n\t\t\t\t\n\t\t\t\t\t\t\t\t<p><\/p>\n\t\t\t\t\n\t\t\t\t\n\t\t\t\t<a href=\"https:\/\/uttarahumara.edu.mx\/nuevo\/elementor-14027\/\" class=\"lqd-overlay z-index-2\" target=\"_blank&quot;\" rel=\"nofollow\" aria-label=\"Audiovisual\"><\/a>\n\t\t\t<\/div>\n\n\t\t\t\t<\/div>\n\t\t\t\t<\/div>\n\t\t\t\t<div class=\"lqd-iconbox-scale elementor-element elementor-element-2e034cac elementor-align-center elementor-widget__width-initial elementor-widget elementor-widget-ld_icon_box\" data-id=\"2e034cac\" data-element_type=\"widget\" data-settings=\"{&quot;enable_scale_animation&quot;:&quot;yes&quot;}\" data-widget_type=\"ld_icon_box.default\">\n\t\t\t\t<div class=\"elementor-widget-container\">\n\t\t\t\n\t\t\t<div id=\"ld_icon_box_2e034cac\" class=\"iconbox d-flex flex-grow-1 pos-rel flex-column iconbox-default iconbox-icon-shaped iconbox-circle iconbox-heading-arrow-onhover p-0 iconbox-bubble iconbox-contents-show-onhover\"   >\n\n\t\t\t\t\n\t\t\t\t<div class=\"iconbox-icon-wrap  \"><div class=\"iconbox-icon-container d-inline-flex pos-rel z-index-1 border-radius-circle\"><svg aria-hidden=\"true\" class=\"e-font-icon-svg e-fas-chalkboard-teacher\" viewBox=\"0 0 640 512\" xmlns=\"http:\/\/www.w3.org\/2000\/svg\"><path d=\"M208 352c-2.39 0-4.78.35-7.06 1.09C187.98 357.3 174.35 360 160 360c-14.35 0-27.98-2.7-40.95-6.91-2.28-.74-4.66-1.09-7.05-1.09C49.94 352-.33 402.48 0 464.62.14 490.88 21.73 512 48 512h224c26.27 0 47.86-21.12 48-47.38.33-62.14-49.94-112.62-112-112.62zm-48-32c53.02 0 96-42.98 96-96s-42.98-96-96-96-96 42.98-96 96 42.98 96 96 96zM592 0H208c-26.47 0-48 22.25-48 49.59V96c23.42 0 45.1 6.78 64 17.8V64h352v288h-64v-64H384v64h-76.24c19.1 16.69 33.12 38.73 39.69 64H592c26.47 0 48-22.25 48-49.59V49.59C640 22.25 618.47 0 592 0z\"><\/path><\/svg><\/div><\/div>\n\t\t\t\t<h3 class=\"lqd-iconbox-heading \" >Auditorio <svg class=\"d-inline-block\" xmlns=\"http:\/\/www.w3.org\/2000\/svg\" width=\"12\" height=\"32\" viewBox=\"0 0 12 32\"><path fill=\"currentColor\" d=\"M8.375 16L.437 8.062C-.125 7.5-.125 6.5.438 5.938s1.563-.563 2.126 0l9 9c.562.562.624 1.5.062 2.062l-9.063 9.063c-.312.312-.687.437-1.062.437s-.75-.125-1.063-.438c-.562-.562-.562-1.562 0-2.125z\" fill=\"currentColor\"><\/path><\/svg><\/h3>\n\t\t\t\t\n\t\t\t\t\n\t\t\t\t\t\t\t\t<p><\/p>\n\t\t\t\t\n\t\t\t\t\n\t\t\t\t<a href=\"https:\/\/uttarahumara.edu.mx\/nuevo\/auditorio\/\" class=\"lqd-overlay z-index-2\" target=\"_blank&quot;\" rel=\"nofollow\" aria-label=\"Auditorio\"><\/a>\n\t\t\t<\/div>\n\n\t\t\t\t<\/div>\n\t\t\t\t<\/div>\n\t\t\t\t<div class=\"lqd-iconbox-scale elementor-element elementor-element-581d2a5f elementor-align-center elementor-widget__width-initial elementor-widget elementor-widget-ld_icon_box\" data-id=\"581d2a5f\" data-element_type=\"widget\" data-settings=\"{&quot;enable_scale_animation&quot;:&quot;yes&quot;}\" data-widget_type=\"ld_icon_box.default\">\n\t\t\t\t<div class=\"elementor-widget-container\">\n\t\t\t\n\t\t\t<div id=\"ld_icon_box_581d2a5f\" class=\"iconbox d-flex flex-grow-1 pos-rel flex-column iconbox-default iconbox-icon-shaped iconbox-circle iconbox-heading-arrow-onhover p-0 iconbox-bubble iconbox-contents-show-onhover\"   >\n\n\t\t\t\t\n\t\t\t\t<div class=\"iconbox-icon-wrap  \"><div class=\"iconbox-icon-container d-inline-flex pos-rel z-index-1 border-radius-circle\"><svg aria-hidden=\"true\" class=\"e-font-icon-svg e-fas-id-card-alt\" viewBox=\"0 0 576 512\" xmlns=\"http:\/\/www.w3.org\/2000\/svg\"><path d=\"M528 64H384v96H192V64H48C21.5 64 0 85.5 0 112v352c0 26.5 21.5 48 48 48h480c26.5 0 48-21.5 48-48V112c0-26.5-21.5-48-48-48zM288 224c35.3 0 64 28.7 64 64s-28.7 64-64 64-64-28.7-64-64 28.7-64 64-64zm93.3 224H194.7c-10.4 0-18.8-10-15.6-19.8 8.3-25.6 32.4-44.2 60.9-44.2h8.2c12.3 5.1 25.7 8 39.8 8s27.6-2.9 39.8-8h8.2c28.4 0 52.5 18.5 60.9 44.2 3.2 9.8-5.2 19.8-15.6 19.8zM352 32c0-17.7-14.3-32-32-32h-64c-17.7 0-32 14.3-32 32v96h128V32z\"><\/path><\/svg><\/div><\/div>\n\t\t\t\t<h3 class=\"lqd-iconbox-heading \" >Sala de Usos Multiples <svg class=\"d-inline-block\" xmlns=\"http:\/\/www.w3.org\/2000\/svg\" width=\"12\" height=\"32\" viewBox=\"0 0 12 32\"><path fill=\"currentColor\" d=\"M8.375 16L.437 8.062C-.125 7.5-.125 6.5.438 5.938s1.563-.563 2.126 0l9 9c.562.562.624 1.5.062 2.062l-9.063 9.063c-.312.312-.687.437-1.062.437s-.75-.125-1.063-.438c-.562-.562-.562-1.562 0-2.125z\" fill=\"currentColor\"><\/path><\/svg><\/h3>\n\t\t\t\t\n\t\t\t\t\n\t\t\t\t\t\t\t\t<p><\/p>\n\t\t\t\t\n\t\t\t\t\n\t\t\t\t<a href=\"https:\/\/uttarahumara.edu.mx\/nuevo\/usos-multiples\/\" class=\"lqd-overlay z-index-2\" target=\"_blank&quot;\" rel=\"nofollow\" aria-label=\"Sala de Usos Multiples\"><\/a>\n\t\t\t<\/div>\n\n\t\t\t\t<\/div>\n\t\t\t\t<\/div>\n\t\t\t\t<\/div>\n\t\t\t\t<\/div>\n\t\t\t\t\t<\/div>\n\t\t\t\t<\/div>\n\t\t\t\t\t\t\t<\/div>\n\t\t","protected":false},"excerpt":{"rendered":"<p>Reservaci\u00f3n de Aulas INSTRUCCIONES: 1. Seleccionar el icono con el nombre del aula a reservar.2. Seleccionar fecha y hora del evento.3. llenar el formulario con los datos correspondientes.4. Dar clic en el bot\u00f3n de reservar.5. Una vez aprobado por el \u00e1rea correspondiente llegara una notificaci\u00f3n por medio de correo Audiovisual Auditorio Sala de Usos Multiples<\/p>\n","protected":false},"author":1,"featured_media":0,"parent":0,"menu_order":0,"comment_status":"closed","ping_status":"closed","template":"","meta":{"footnotes":""},"class_list":["post-13975","page","type-page","status-publish","hentry"],"_links":{"self":[{"href":"https:\/\/uttarahumara.edu.mx\/nuevo\/wp-json\/wp\/v2\/pages\/13975","targetHints":{"allow":["GET"]}}],"collection":[{"href":"https:\/\/uttarahumara.edu.mx\/nuevo\/wp-json\/wp\/v2\/pages"}],"about":[{"href":"https:\/\/uttarahumara.edu.mx\/nuevo\/wp-json\/wp\/v2\/types\/page"}],"author":[{"embeddable":true,"href":"https:\/\/uttarahumara.edu.mx\/nuevo\/wp-json\/wp\/v2\/users\/1"}],"replies":[{"embeddable":true,"href":"https:\/\/uttarahumara.edu.mx\/nuevo\/wp-json\/wp\/v2\/comments?post=13975"}],"version-history":[{"count":34,"href":"https:\/\/uttarahumara.edu.mx\/nuevo\/wp-json\/wp\/v2\/pages\/13975\/revisions"}],"predecessor-version":[{"id":14094,"href":"https:\/\/uttarahumara.edu.mx\/nuevo\/wp-json\/wp\/v2\/pages\/13975\/revisions\/14094"}],"wp:attachment":[{"href":"https:\/\/uttarahumara.edu.mx\/nuevo\/wp-json\/wp\/v2\/media?parent=13975"}],"curies":[{"name":"wp","href":"https:\/\/api.w.org\/{rel}","templated":true}]}}