{"id":14683,"date":"2025-02-13T19:29:04","date_gmt":"2025-02-13T19:29:04","guid":{"rendered":"https:\/\/uttarahumara.edu.mx\/nuevo\/?page_id=14683"},"modified":"2026-01-28T21:01:28","modified_gmt":"2026-01-28T21:01:28","slug":"elementor-14683","status":"publish","type":"page","link":"https:\/\/uttarahumara.edu.mx\/nuevo\/elementor-14683\/","title":{"rendered":"control interno"},"content":{"rendered":"\t\t<div data-elementor-type=\"wp-page\" data-elementor-id=\"14683\" class=\"elementor elementor-14683\">\n\t\t\t\t\t\t\t<div class=\"elementor-element elementor-element-6205713 e-flex e-con-boxed e-con\" data-id=\"6205713\" data-element_type=\"container\" data-settings=\"{&quot;content_width&quot;:&quot;boxed&quot;}\">\n\t\t\t\t\t<div class=\"e-con-inner\">\n\t\t\t\t<div class=\"elementor-element elementor-element-e5234fc elementor-widget elementor-widget-ld_fancy_image\" data-id=\"e5234fc\" data-element_type=\"widget\" data-widget_type=\"ld_fancy_image.default\">\n\t\t\t\t<div class=\"elementor-widget-container\">\n\t\t\t\n\t\t<div class=\"lqd-imggrp-single d-block pos-rel \">\n\t\t\t<div class=\"lqd-imggrp-img-container d-inline-flex pos-rel align-items-center justify-content-center \">\n\t\t\t\t\t\t\t\t<figure class=\"w-100 pos-rel\">\n\t\t\t\t\t<img decoding=\"async\" width=\"6912\" height=\"2992\" src=\"https:\/\/uttarahumara.edu.mx\/nuevo\/wp-content\/uploads\/2025\/02\/TRANSPARENCIA-1.png\" class=\"attachment-full size-full wp-image-14297\" alt=\"\" srcset=\"https:\/\/uttarahumara.edu.mx\/nuevo\/wp-content\/uploads\/2025\/02\/TRANSPARENCIA-1.png 6912w, https:\/\/uttarahumara.edu.mx\/nuevo\/wp-content\/uploads\/2025\/02\/TRANSPARENCIA-1-300x130.png 300w, https:\/\/uttarahumara.edu.mx\/nuevo\/wp-content\/uploads\/2025\/02\/TRANSPARENCIA-1-1024x443.png 1024w, https:\/\/uttarahumara.edu.mx\/nuevo\/wp-content\/uploads\/2025\/02\/TRANSPARENCIA-1-1536x665.png 1536w, https:\/\/uttarahumara.edu.mx\/nuevo\/wp-content\/uploads\/2025\/02\/TRANSPARENCIA-1-2048x887.png 2048w\" sizes=\"(max-width: 6912px) 100vw, 6912px\" itemprop=\"image\" \/>\t\t\t\t\t\t\t\t\t\t\t\t\t\t\t\t\t\t\t\t\t\t\t\t\t\t\t\t\t<\/figure>\n\t\t\t<\/div>\n\t\t<\/div>\n\n\t\t\t<\/div>\n\t\t\t\t<\/div>\n\t\t\t\t\t<\/div>\n\t\t\t\t<\/div>\n\t\t\t\t<section class=\"elementor-section elementor-top-section elementor-element elementor-element-597c49b0 elementor-section-boxed elementor-section-height-default elementor-section-height-default\" data-id=\"597c49b0\" data-element_type=\"section\">\n\t\t\t\t\t\t<div class=\"elementor-container elementor-column-gap-default\">\n\t\t\t\t\t<div class=\"elementor-column elementor-col-100 elementor-top-column elementor-element elementor-element-17978f89\" data-id=\"17978f89\" data-element_type=\"column\">\n\t\t\t<div class=\"elementor-widget-wrap elementor-element-populated\">\n\t\t\t\t\t\t\t\t<div class=\"elementor-element elementor-element-7fd9bdc2 elementor-widget elementor-widget-hub_fancy_heading\" data-id=\"7fd9bdc2\" data-element_type=\"widget\" data-widget_type=\"hub_fancy_heading.default\">\n\t\t\t\t<div class=\"elementor-widget-container\">\n\t\t\t\n\t\t<div id=\"ld-fancy-heading-69d5c664be0a1\" class=\"ld-fancy-heading pos-rel\">\n\t\t\t\t\t<\/div>\n\n\t\t\t\t<\/div>\n\t\t\t\t<\/div>\n\t\t\t\t<div class=\"elementor-element elementor-element-208763e8 elementor-widget elementor-widget-ld_media_element\" data-id=\"208763e8\" data-element_type=\"widget\" data-widget_type=\"ld_media_element.default\">\n\t\t\t\t<div class=\"elementor-widget-container\">\n\t\t\t\n\t\t<div class=\"ld-media-row d-flex flex-wrap\" data-liquid-masonry=\"true\">\n\n\t\t\t\t\t\t<div class=\"masonry-item elementor-repeater-item-9a312c6\">\n\n\t\t\t\t<div class=\"ld-media-item pos-rel overflow-hidden  \">\n\n\t\t\t\t\t<figure class=\"bg-cover\">\n\t\t\t\t\t\t<img decoding=\"async\" width=\"500\" height=\"500\" src=\"data:image\/svg+xml;charset=utf-8,%3Csvg xmlns%3D&#039;http%3A%2F%2Fwww.w3.org%2F2000%2Fsvg&#039; viewBox%3D&#039;0 0 500 500&#039;%2F%3E\" class=\"w-100 objfit-cover objpos-center ld-lazyload\" alt=\"COCODI\" itemprop=\"image\" data-src=\"https:\/\/uttarahumara.edu.mx\/nuevo\/wp-content\/uploads\/2025\/02\/1.png\" data-srcset=\"https:\/\/uttarahumara.edu.mx\/nuevo\/wp-content\/uploads\/2025\/02\/1.png 500w, https:\/\/uttarahumara.edu.mx\/nuevo\/wp-content\/uploads\/2025\/02\/1-300x300.png 300w, https:\/\/uttarahumara.edu.mx\/nuevo\/wp-content\/uploads\/2025\/02\/1-150x150.png 150w, https:\/\/uttarahumara.edu.mx\/nuevo\/wp-content\/uploads\/2025\/02\/1-320x320.png 320w\" data-sizes=\"(max-width: 500px) 100vw, 500px\" data-aspect=\"1\" \/>\t\t\t\t\t<\/figure>\n\n\t\t\t\t\t<div class=\"ld-media-item-overlay d-flex flex-column align-items-center lqd-overlay text-center justify-content-center\">\n\n\t\t\t\t\t\t<div class=\"ld-media-bg lqd-overlay\"><\/div>\n\n\t\t\t\t\t\t<div class=\"ld-media-content pos-rel z-index-2\">\n\t\t\t\t\t\t\t<div class=\"ld-media-txt\">\n\t\t\t\t\t\t\t\t<h3 class=\"m-0\">COCODI<\/h3>\n\t\t\t\t\t\t\t\t<h6 class=\"m-0 text-uppercase ltr-sp-135\"><\/h6>\n\t\t\t\t\t\t\t\t\t\t\t\t\t\t\t<\/div>\n\t\t\t\t\t\t<\/div>\n\n\t\t\t\t\t<\/div>\n\n\t\t\t\t\t<a  href=\"https:\/\/uttarahumara.edu.mx\/nuevo\/elementor-14744\" target=\"_blank\" rel=\"nofollow\" aria-label=\"COCODI\" class=\"lqd-overlay z-index-2\"><\/a>\n\t\t\t\t<\/div>\n\n\t\t\t<\/div>\n\t\t\t\t\t\t<div class=\"masonry-item elementor-repeater-item-432597d\">\n\n\t\t\t\t<div class=\"ld-media-item pos-rel overflow-hidden  \">\n\n\t\t\t\t\t<figure class=\"bg-cover\">\n\t\t\t\t\t\t<img decoding=\"async\" width=\"500\" height=\"500\" src=\"data:image\/svg+xml;charset=utf-8,%3Csvg xmlns%3D&#039;http%3A%2F%2Fwww.w3.org%2F2000%2Fsvg&#039; viewBox%3D&#039;0 0 500 500&#039;%2F%3E\" class=\"w-100 objfit-cover objpos-center ld-lazyload\" alt=\"Comit\u00e9 de Adquisiciones\" itemprop=\"image\" data-src=\"https:\/\/uttarahumara.edu.mx\/nuevo\/wp-content\/uploads\/2025\/02\/2.png\" data-srcset=\"https:\/\/uttarahumara.edu.mx\/nuevo\/wp-content\/uploads\/2025\/02\/2.png 500w, https:\/\/uttarahumara.edu.mx\/nuevo\/wp-content\/uploads\/2025\/02\/2-300x300.png 300w, https:\/\/uttarahumara.edu.mx\/nuevo\/wp-content\/uploads\/2025\/02\/2-150x150.png 150w, https:\/\/uttarahumara.edu.mx\/nuevo\/wp-content\/uploads\/2025\/02\/2-320x320.png 320w\" data-sizes=\"(max-width: 500px) 100vw, 500px\" data-aspect=\"1\" \/>\t\t\t\t\t<\/figure>\n\n\t\t\t\t\t<div class=\"ld-media-item-overlay d-flex flex-column align-items-center lqd-overlay text-center justify-content-center\">\n\n\t\t\t\t\t\t<div class=\"ld-media-bg lqd-overlay\"><\/div>\n\n\t\t\t\t\t\t<div class=\"ld-media-content pos-rel z-index-2\">\n\t\t\t\t\t\t\t<div class=\"ld-media-txt\">\n\t\t\t\t\t\t\t\t<h3 class=\"m-0\">Comit\u00e9 de Adquisiciones<\/h3>\n\t\t\t\t\t\t\t\t<h6 class=\"m-0 text-uppercase ltr-sp-135\"><\/h6>\n\t\t\t\t\t\t\t\t\t\t\t\t\t\t\t<\/div>\n\t\t\t\t\t\t<\/div>\n\n\t\t\t\t\t<\/div>\n\n\t\t\t\t\t<a  href=\"https:\/\/uttarahumara.edu.mx\/nuevo\/elementor-14784\/\" target=\"_blank\" rel=\"nofollow\" aria-label=\"Comit\u00e9 de Adquisiciones\" class=\"lqd-overlay z-index-2\"><\/a>\n\t\t\t\t<\/div>\n\n\t\t\t<\/div>\n\t\t\t\t\t\t<div class=\"masonry-item elementor-repeater-item-3fe41b5\">\n\n\t\t\t\t<div class=\"ld-media-item pos-rel overflow-hidden  \">\n\n\t\t\t\t\t<figure class=\"bg-cover\">\n\t\t\t\t\t\t<img decoding=\"async\" width=\"500\" height=\"500\" src=\"data:image\/svg+xml;charset=utf-8,%3Csvg xmlns%3D&#039;http%3A%2F%2Fwww.w3.org%2F2000%2Fsvg&#039; viewBox%3D&#039;0 0 500 500&#039;%2F%3E\" class=\"w-100 objfit-cover objpos-center ld-lazyload\" alt=\"Comit\u00e9 de \u00c9tica\" itemprop=\"image\" data-src=\"https:\/\/uttarahumara.edu.mx\/nuevo\/wp-content\/uploads\/2025\/02\/3.png\" data-srcset=\"https:\/\/uttarahumara.edu.mx\/nuevo\/wp-content\/uploads\/2025\/02\/3.png 500w, https:\/\/uttarahumara.edu.mx\/nuevo\/wp-content\/uploads\/2025\/02\/3-300x300.png 300w, https:\/\/uttarahumara.edu.mx\/nuevo\/wp-content\/uploads\/2025\/02\/3-150x150.png 150w, https:\/\/uttarahumara.edu.mx\/nuevo\/wp-content\/uploads\/2025\/02\/3-320x320.png 320w\" data-sizes=\"(max-width: 500px) 100vw, 500px\" data-aspect=\"1\" \/>\t\t\t\t\t<\/figure>\n\n\t\t\t\t\t<div class=\"ld-media-item-overlay d-flex flex-column align-items-center lqd-overlay text-center justify-content-center\">\n\n\t\t\t\t\t\t<div class=\"ld-media-bg lqd-overlay\"><\/div>\n\n\t\t\t\t\t\t<div class=\"ld-media-content pos-rel z-index-2\">\n\t\t\t\t\t\t\t<div class=\"ld-media-txt\">\n\t\t\t\t\t\t\t\t<h3 class=\"m-0\">Comit\u00e9 de \u00c9tica<\/h3>\n\t\t\t\t\t\t\t\t<h6 class=\"m-0 text-uppercase ltr-sp-135\"><\/h6>\n\t\t\t\t\t\t\t\t\t\t\t\t\t\t\t<\/div>\n\t\t\t\t\t\t<\/div>\n\n\t\t\t\t\t<\/div>\n\n\t\t\t\t\t<a  href=\"https:\/\/uttarahumara.edu.mx\/nuevo\/elementor-14563\/\" target=\"_blank\" rel=\"nofollow\" aria-label=\"Comit\u00e9 de \u00c9tica\" class=\"lqd-overlay z-index-2\"><\/a>\n\t\t\t\t<\/div>\n\n\t\t\t<\/div>\n\t\t\t\t\t\t<div class=\"masonry-item elementor-repeater-item-8b78b5e\">\n\n\t\t\t\t<div class=\"ld-media-item pos-rel overflow-hidden  \">\n\n\t\t\t\t\t<figure class=\"bg-cover\">\n\t\t\t\t\t\t<img decoding=\"async\" width=\"500\" height=\"500\" src=\"data:image\/svg+xml;charset=utf-8,%3Csvg xmlns%3D&#039;http%3A%2F%2Fwww.w3.org%2F2000%2Fsvg&#039; viewBox%3D&#039;0 0 500 500&#039;%2F%3E\" class=\"w-100 objfit-cover objpos-center ld-lazyload\" alt=\"Normatividad\" itemprop=\"image\" data-src=\"https:\/\/uttarahumara.edu.mx\/nuevo\/wp-content\/uploads\/2025\/02\/4.png\" data-srcset=\"https:\/\/uttarahumara.edu.mx\/nuevo\/wp-content\/uploads\/2025\/02\/4.png 500w, https:\/\/uttarahumara.edu.mx\/nuevo\/wp-content\/uploads\/2025\/02\/4-300x300.png 300w, https:\/\/uttarahumara.edu.mx\/nuevo\/wp-content\/uploads\/2025\/02\/4-150x150.png 150w, https:\/\/uttarahumara.edu.mx\/nuevo\/wp-content\/uploads\/2025\/02\/4-320x320.png 320w\" data-sizes=\"(max-width: 500px) 100vw, 500px\" data-aspect=\"1\" \/>\t\t\t\t\t<\/figure>\n\n\t\t\t\t\t<div class=\"ld-media-item-overlay d-flex flex-column align-items-center lqd-overlay text-center justify-content-center\">\n\n\t\t\t\t\t\t<div class=\"ld-media-bg lqd-overlay\"><\/div>\n\n\t\t\t\t\t\t<div class=\"ld-media-content pos-rel z-index-2\">\n\t\t\t\t\t\t\t<div class=\"ld-media-txt\">\n\t\t\t\t\t\t\t\t<h3 class=\"m-0\">Normatividad<\/h3>\n\t\t\t\t\t\t\t\t<h6 class=\"m-0 text-uppercase ltr-sp-135\"><\/h6>\n\t\t\t\t\t\t\t\t\t\t\t\t\t\t\t<\/div>\n\t\t\t\t\t\t<\/div>\n\n\t\t\t\t\t<\/div>\n\n\t\t\t\t\t<a  href=\"https:\/\/uttarahumara.edu.mx\/nuevo\/elementor-14790\/\" target=\"_blank\" rel=\"nofollow\" aria-label=\"Normatividad\" class=\"lqd-overlay z-index-2\"><\/a>\n\t\t\t\t<\/div>\n\n\t\t\t<\/div>\n\t\t\t\t\t\t<div class=\"masonry-item elementor-repeater-item-5b6637d\">\n\n\t\t\t\t<div class=\"ld-media-item pos-rel overflow-hidden  \">\n\n\t\t\t\t\t<figure class=\"bg-cover\">\n\t\t\t\t\t\t<img decoding=\"async\" width=\"500\" height=\"500\" src=\"data:image\/svg+xml;charset=utf-8,%3Csvg xmlns%3D&#039;http%3A%2F%2Fwww.w3.org%2F2000%2Fsvg&#039; viewBox%3D&#039;0 0 500 500&#039;%2F%3E\" class=\"w-100 objfit-cover objpos-center ld-lazyload\" alt=\"Plan Anual de Adquisiciones,Arrendamientos y Contrataci\u00f3n de Servicios\" itemprop=\"image\" data-src=\"https:\/\/uttarahumara.edu.mx\/nuevo\/wp-content\/uploads\/2025\/02\/5.png\" data-srcset=\"https:\/\/uttarahumara.edu.mx\/nuevo\/wp-content\/uploads\/2025\/02\/5.png 500w, https:\/\/uttarahumara.edu.mx\/nuevo\/wp-content\/uploads\/2025\/02\/5-300x300.png 300w, https:\/\/uttarahumara.edu.mx\/nuevo\/wp-content\/uploads\/2025\/02\/5-150x150.png 150w, https:\/\/uttarahumara.edu.mx\/nuevo\/wp-content\/uploads\/2025\/02\/5-320x320.png 320w\" data-sizes=\"(max-width: 500px) 100vw, 500px\" data-aspect=\"1\" \/>\t\t\t\t\t<\/figure>\n\n\t\t\t\t\t<div class=\"ld-media-item-overlay d-flex flex-column align-items-center lqd-overlay text-center justify-content-center\">\n\n\t\t\t\t\t\t<div class=\"ld-media-bg lqd-overlay\"><\/div>\n\n\t\t\t\t\t\t<div class=\"ld-media-content pos-rel z-index-2\">\n\t\t\t\t\t\t\t<div class=\"ld-media-txt\">\n\t\t\t\t\t\t\t\t<h3 class=\"m-0\">Plan Anual de Adquisiciones,Arrendamientos y Contrataci\u00f3n de Servicios<\/h3>\n\t\t\t\t\t\t\t\t<h6 class=\"m-0 text-uppercase ltr-sp-135\"><\/h6>\n\t\t\t\t\t\t\t\t\t\t\t\t\t\t\t<\/div>\n\t\t\t\t\t\t<\/div>\n\n\t\t\t\t\t<\/div>\n\n\t\t\t\t\t<a  href=\"https:\/\/uttarahumara.edu.mx\/nuevo\/elementor-14595\/\" target=\"_blank\" rel=\"nofollow\" aria-label=\"Plan Anual de Adquisiciones,Arrendamientos y Contrataci\u00f3n de Servicios\" class=\"lqd-overlay z-index-2\"><\/a>\n\t\t\t\t<\/div>\n\n\t\t\t<\/div>\n\t\t\t\t\t\t<div class=\"masonry-item elementor-repeater-item-9b21229\">\n\n\t\t\t\t<div class=\"ld-media-item pos-rel overflow-hidden  \">\n\n\t\t\t\t\t<figure class=\"bg-cover\">\n\t\t\t\t\t\t<img decoding=\"async\" width=\"500\" height=\"500\" src=\"data:image\/svg+xml;charset=utf-8,%3Csvg xmlns%3D&#039;http%3A%2F%2Fwww.w3.org%2F2000%2Fsvg&#039; viewBox%3D&#039;0 0 500 500&#039;%2F%3E\" class=\"w-100 objfit-cover objpos-center ld-lazyload\" alt=\"Sesiones del H. Consejo Directivo\" itemprop=\"image\" data-src=\"https:\/\/uttarahumara.edu.mx\/nuevo\/wp-content\/uploads\/2025\/02\/6.png\" data-srcset=\"https:\/\/uttarahumara.edu.mx\/nuevo\/wp-content\/uploads\/2025\/02\/6.png 500w, https:\/\/uttarahumara.edu.mx\/nuevo\/wp-content\/uploads\/2025\/02\/6-300x300.png 300w, https:\/\/uttarahumara.edu.mx\/nuevo\/wp-content\/uploads\/2025\/02\/6-150x150.png 150w, https:\/\/uttarahumara.edu.mx\/nuevo\/wp-content\/uploads\/2025\/02\/6-320x320.png 320w\" data-sizes=\"(max-width: 500px) 100vw, 500px\" data-aspect=\"1\" \/>\t\t\t\t\t<\/figure>\n\n\t\t\t\t\t<div class=\"ld-media-item-overlay d-flex flex-column align-items-center lqd-overlay text-center justify-content-center\">\n\n\t\t\t\t\t\t<div class=\"ld-media-bg lqd-overlay\"><\/div>\n\n\t\t\t\t\t\t<div class=\"ld-media-content pos-rel z-index-2\">\n\t\t\t\t\t\t\t<div class=\"ld-media-txt\">\n\t\t\t\t\t\t\t\t<h3 class=\"m-0\">Sesiones del H. Consejo Directivo<\/h3>\n\t\t\t\t\t\t\t\t<h6 class=\"m-0 text-uppercase ltr-sp-135\"><\/h6>\n\t\t\t\t\t\t\t\t\t\t\t\t\t\t\t<\/div>\n\t\t\t\t\t\t<\/div>\n\n\t\t\t\t\t<\/div>\n\n\t\t\t\t\t<a  href=\"https:\/\/uttarahumara.edu.mx\/nuevo\/elementor-pagina-14359\/\" target=\"_blank\" rel=\"nofollow\" aria-label=\"Sesiones del H. Consejo Directivo\" class=\"lqd-overlay z-index-2\"><\/a>\n\t\t\t\t<\/div>\n\n\t\t\t<\/div>\n\t\t\t\t\t\t<div class=\"masonry-item elementor-repeater-item-0657026\">\n\n\t\t\t\t<div class=\"ld-media-item pos-rel overflow-hidden  \">\n\n\t\t\t\t\t<figure class=\"bg-cover\">\n\t\t\t\t\t\t<img decoding=\"async\" width=\"500\" height=\"500\" src=\"data:image\/svg+xml;charset=utf-8,%3Csvg xmlns%3D&#039;http%3A%2F%2Fwww.w3.org%2F2000%2Fsvg&#039; viewBox%3D&#039;0 0 500 500&#039;%2F%3E\" class=\"w-100 objfit-cover objpos-center ld-lazyload\" alt=\"Contratos y Adquisiciones\" itemprop=\"image\" data-src=\"https:\/\/uttarahumara.edu.mx\/nuevo\/wp-content\/uploads\/2025\/02\/7.png\" data-srcset=\"https:\/\/uttarahumara.edu.mx\/nuevo\/wp-content\/uploads\/2025\/02\/7.png 500w, https:\/\/uttarahumara.edu.mx\/nuevo\/wp-content\/uploads\/2025\/02\/7-300x300.png 300w, https:\/\/uttarahumara.edu.mx\/nuevo\/wp-content\/uploads\/2025\/02\/7-150x150.png 150w, https:\/\/uttarahumara.edu.mx\/nuevo\/wp-content\/uploads\/2025\/02\/7-320x320.png 320w\" data-sizes=\"(max-width: 500px) 100vw, 500px\" data-aspect=\"1\" \/>\t\t\t\t\t<\/figure>\n\n\t\t\t\t\t<div class=\"ld-media-item-overlay d-flex flex-column align-items-center lqd-overlay text-center justify-content-center\">\n\n\t\t\t\t\t\t<div class=\"ld-media-bg lqd-overlay\"><\/div>\n\n\t\t\t\t\t\t<div class=\"ld-media-content pos-rel z-index-2\">\n\t\t\t\t\t\t\t<div class=\"ld-media-txt\">\n\t\t\t\t\t\t\t\t<h3 class=\"m-0\">Contratos y Adquisiciones<\/h3>\n\t\t\t\t\t\t\t\t<h6 class=\"m-0 text-uppercase ltr-sp-135\"><\/h6>\n\t\t\t\t\t\t\t\t\t\t\t\t\t\t\t<\/div>\n\t\t\t\t\t\t<\/div>\n\n\t\t\t\t\t<\/div>\n\n\t\t\t\t\t<a  href=\"https:\/\/uttarahumara.edu.mx\/nuevo\/elementor-14545\/\" target=\"_blank\" rel=\"nofollow\" aria-label=\"Contratos y Adquisiciones\" class=\"lqd-overlay z-index-2\"><\/a>\n\t\t\t\t<\/div>\n\n\t\t\t<\/div>\n\t\t\t\t\t\t<div class=\"masonry-item elementor-repeater-item-47deb9d\">\n\n\t\t\t\t<div class=\"ld-media-item pos-rel overflow-hidden  \">\n\n\t\t\t\t\t<figure class=\"bg-cover\">\n\t\t\t\t\t\t<img decoding=\"async\" width=\"500\" height=\"500\" src=\"data:image\/svg+xml;charset=utf-8,%3Csvg xmlns%3D&#039;http%3A%2F%2Fwww.w3.org%2F2000%2Fsvg&#039; viewBox%3D&#039;0 0 500 500&#039;%2F%3E\" class=\"w-100 objfit-cover objpos-center ld-lazyload\" alt=\"Cuenta P\u00fablica\" itemprop=\"image\" data-src=\"https:\/\/uttarahumara.edu.mx\/nuevo\/wp-content\/uploads\/2025\/02\/9.png\" data-srcset=\"https:\/\/uttarahumara.edu.mx\/nuevo\/wp-content\/uploads\/2025\/02\/9.png 500w, https:\/\/uttarahumara.edu.mx\/nuevo\/wp-content\/uploads\/2025\/02\/9-300x300.png 300w, https:\/\/uttarahumara.edu.mx\/nuevo\/wp-content\/uploads\/2025\/02\/9-150x150.png 150w, https:\/\/uttarahumara.edu.mx\/nuevo\/wp-content\/uploads\/2025\/02\/9-320x320.png 320w\" data-sizes=\"(max-width: 500px) 100vw, 500px\" data-aspect=\"1\" \/>\t\t\t\t\t<\/figure>\n\n\t\t\t\t\t<div class=\"ld-media-item-overlay d-flex flex-column align-items-center lqd-overlay text-center justify-content-center\">\n\n\t\t\t\t\t\t<div class=\"ld-media-bg lqd-overlay\"><\/div>\n\n\t\t\t\t\t\t<div class=\"ld-media-content pos-rel z-index-2\">\n\t\t\t\t\t\t\t<div class=\"ld-media-txt\">\n\t\t\t\t\t\t\t\t<h3 class=\"m-0\">Cuenta P\u00fablica<\/h3>\n\t\t\t\t\t\t\t\t<h6 class=\"m-0 text-uppercase ltr-sp-135\"><\/h6>\n\t\t\t\t\t\t\t\t\t\t\t\t\t\t\t<\/div>\n\t\t\t\t\t\t<\/div>\n\n\t\t\t\t\t<\/div>\n\n\t\t\t\t\t<a  href=\"https:\/\/uttarahumara.edu.mx\/nuevo\/elementor-14755\/\" target=\"_blank\" rel=\"nofollow\" aria-label=\"Cuenta P\u00fablica\" class=\"lqd-overlay z-index-2\"><\/a>\n\t\t\t\t<\/div>\n\n\t\t\t<\/div>\n\t\t\t\t\t\t<div class=\"masonry-item elementor-repeater-item-b853584\">\n\n\t\t\t\t<div class=\"ld-media-item pos-rel overflow-hidden  \">\n\n\t\t\t\t\t<figure class=\"bg-cover\">\n\t\t\t\t\t\t<img decoding=\"async\" width=\"500\" height=\"500\" src=\"data:image\/svg+xml;charset=utf-8,%3Csvg xmlns%3D&#039;http%3A%2F%2Fwww.w3.org%2F2000%2Fsvg&#039; viewBox%3D&#039;0 0 500 500&#039;%2F%3E\" class=\"w-100 objfit-cover objpos-center ld-lazyload\" alt=\"Rendici\u00f3n de cuentas\" itemprop=\"image\" data-src=\"https:\/\/uttarahumara.edu.mx\/nuevo\/wp-content\/uploads\/2025\/02\/8.png\" data-srcset=\"https:\/\/uttarahumara.edu.mx\/nuevo\/wp-content\/uploads\/2025\/02\/8.png 500w, https:\/\/uttarahumara.edu.mx\/nuevo\/wp-content\/uploads\/2025\/02\/8-300x300.png 300w, https:\/\/uttarahumara.edu.mx\/nuevo\/wp-content\/uploads\/2025\/02\/8-150x150.png 150w, https:\/\/uttarahumara.edu.mx\/nuevo\/wp-content\/uploads\/2025\/02\/8-320x320.png 320w\" data-sizes=\"(max-width: 500px) 100vw, 500px\" data-aspect=\"1\" \/>\t\t\t\t\t<\/figure>\n\n\t\t\t\t\t<div class=\"ld-media-item-overlay d-flex flex-column align-items-center lqd-overlay text-center justify-content-center\">\n\n\t\t\t\t\t\t<div class=\"ld-media-bg lqd-overlay\"><\/div>\n\n\t\t\t\t\t\t<div class=\"ld-media-content pos-rel z-index-2\">\n\t\t\t\t\t\t\t<div class=\"ld-media-txt\">\n\t\t\t\t\t\t\t\t<h3 class=\"m-0\">Rendici\u00f3n de cuentas<\/h3>\n\t\t\t\t\t\t\t\t<h6 class=\"m-0 text-uppercase ltr-sp-135\"><\/h6>\n\t\t\t\t\t\t\t\t\t\t\t\t\t\t\t<\/div>\n\t\t\t\t\t\t<\/div>\n\n\t\t\t\t\t<\/div>\n\n\t\t\t\t\t<a  href=\"https:\/\/uttarahumara.edu.mx\/nuevo\/elementor-14774\/\" target=\"_blank\" rel=\"nofollow\" aria-label=\"Rendici\u00f3n de cuentas\" class=\"lqd-overlay z-index-2\"><\/a>\n\t\t\t\t<\/div>\n\n\t\t\t<\/div>\n\t\t\t\n\t\t<\/div>\n\n\t\t\t\t<\/div>\n\t\t\t\t<\/div>\n\t\t\t\t<div class=\"elementor-element elementor-element-92be61d elementor-widget elementor-widget-ld_media_element\" data-id=\"92be61d\" data-element_type=\"widget\" data-widget_type=\"ld_media_element.default\">\n\t\t\t\t<div class=\"elementor-widget-container\">\n\t\t\t\n\t\t<div class=\"ld-media-row d-flex flex-wrap\" data-liquid-masonry=\"true\">\n\n\t\t\t\t\t\t<div class=\"masonry-item elementor-repeater-item-9a312c6\">\n\n\t\t\t\t<div class=\"ld-media-item pos-rel overflow-hidden  \">\n\n\t\t\t\t\t<figure class=\"bg-cover\">\n\t\t\t\t\t\t<img decoding=\"async\" width=\"500\" height=\"500\" src=\"data:image\/svg+xml;charset=utf-8,%3Csvg xmlns%3D&#039;http%3A%2F%2Fwww.w3.org%2F2000%2Fsvg&#039; viewBox%3D&#039;0 0 500 500&#039;%2F%3E\" class=\"w-100 objfit-cover objpos-center ld-lazyload\" alt=\"Presupuesto Basado en Resultados(PBR)\" itemprop=\"image\" data-src=\"https:\/\/uttarahumara.edu.mx\/nuevo\/wp-content\/uploads\/2025\/02\/COCODI.png\" data-srcset=\"https:\/\/uttarahumara.edu.mx\/nuevo\/wp-content\/uploads\/2025\/02\/COCODI.png 500w, https:\/\/uttarahumara.edu.mx\/nuevo\/wp-content\/uploads\/2025\/02\/COCODI-300x300.png 300w, https:\/\/uttarahumara.edu.mx\/nuevo\/wp-content\/uploads\/2025\/02\/COCODI-150x150.png 150w\" data-sizes=\"(max-width: 500px) 100vw, 500px\" data-aspect=\"1\" \/>\t\t\t\t\t<\/figure>\n\n\t\t\t\t\t<div class=\"ld-media-item-overlay d-flex flex-column align-items-center lqd-overlay text-center justify-content-center\">\n\n\t\t\t\t\t\t<div class=\"ld-media-bg lqd-overlay\"><\/div>\n\n\t\t\t\t\t\t<div class=\"ld-media-content pos-rel z-index-2\">\n\t\t\t\t\t\t\t<div class=\"ld-media-txt\">\n\t\t\t\t\t\t\t\t<h3 class=\"m-0\">Presupuesto Basado en Resultados(PBR)<\/h3>\n\t\t\t\t\t\t\t\t<h6 class=\"m-0 text-uppercase ltr-sp-135\"><\/h6>\n\t\t\t\t\t\t\t\t\t\t\t\t\t\t\t<\/div>\n\t\t\t\t\t\t<\/div>\n\n\t\t\t\t\t<\/div>\n\n\t\t\t\t\t<a  href=\"https:\/\/uttarahumara.edu.mx\/nuevo\/elementor-14844\/\" target=\"_blank\" rel=\"nofollow\" aria-label=\"Presupuesto Basado en Resultados(PBR)\" class=\"lqd-overlay z-index-2\"><\/a>\n\t\t\t\t<\/div>\n\n\t\t\t<\/div>\n\t\t\t\t\t\t<div class=\"masonry-item elementor-repeater-item-149a2ea\">\n\n\t\t\t\t<div class=\"ld-media-item pos-rel overflow-hidden  \">\n\n\t\t\t\t\t<figure class=\"bg-cover\">\n\t\t\t\t\t\t<img decoding=\"async\" width=\"500\" height=\"500\" src=\"data:image\/svg+xml;charset=utf-8,%3Csvg xmlns%3D&#039;http%3A%2F%2Fwww.w3.org%2F2000%2Fsvg&#039; viewBox%3D&#039;0 0 500 500&#039;%2F%3E\" class=\"w-100 objfit-cover objpos-center ld-lazyload\" alt=\"Subsidio U006\" itemprop=\"image\" data-src=\"https:\/\/uttarahumara.edu.mx\/nuevo\/wp-content\/uploads\/2025\/04\/ZXCVBNM-1.png\" data-srcset=\"https:\/\/uttarahumara.edu.mx\/nuevo\/wp-content\/uploads\/2025\/04\/ZXCVBNM-1.png 500w, https:\/\/uttarahumara.edu.mx\/nuevo\/wp-content\/uploads\/2025\/04\/ZXCVBNM-1-300x300.png 300w, https:\/\/uttarahumara.edu.mx\/nuevo\/wp-content\/uploads\/2025\/04\/ZXCVBNM-1-150x150.png 150w\" data-sizes=\"(max-width: 500px) 100vw, 500px\" data-aspect=\"1\" \/>\t\t\t\t\t<\/figure>\n\n\t\t\t\t\t<div class=\"ld-media-item-overlay d-flex flex-column align-items-center lqd-overlay text-center justify-content-center\">\n\n\t\t\t\t\t\t<div class=\"ld-media-bg lqd-overlay\"><\/div>\n\n\t\t\t\t\t\t<div class=\"ld-media-content pos-rel z-index-2\">\n\t\t\t\t\t\t\t<div class=\"ld-media-txt\">\n\t\t\t\t\t\t\t\t<h3 class=\"m-0\">Subsidio U006<\/h3>\n\t\t\t\t\t\t\t\t<h6 class=\"m-0 text-uppercase ltr-sp-135\"><\/h6>\n\t\t\t\t\t\t\t\t\t\t\t\t\t\t\t<\/div>\n\t\t\t\t\t\t<\/div>\n\n\t\t\t\t\t<\/div>\n\n\t\t\t\t\t<a  href=\"https:\/\/uttarahumara.edu.mx\/nuevo\/subsidio-u006\/\" target=\"_blank\" rel=\"nofollow\" aria-label=\"Subsidio U006\" class=\"lqd-overlay z-index-2\"><\/a>\n\t\t\t\t<\/div>\n\n\t\t\t<\/div>\n\t\t\t\t\t\t<div class=\"masonry-item elementor-repeater-item-1c782aa\">\n\n\t\t\t\t<div class=\"ld-media-item pos-rel overflow-hidden  \">\n\n\t\t\t\t\t<figure class=\"bg-cover\">\n\t\t\t\t\t\t<img decoding=\"async\" width=\"500\" height=\"500\" src=\"data:image\/svg+xml;charset=utf-8,%3Csvg xmlns%3D&#039;http%3A%2F%2Fwww.w3.org%2F2000%2Fsvg&#039; viewBox%3D&#039;0 0 500 500&#039;%2F%3E\" class=\"w-100 objfit-cover objpos-center ld-lazyload\" alt=\"Indicadores Institucionales\" itemprop=\"image\" data-src=\"https:\/\/uttarahumara.edu.mx\/nuevo\/wp-content\/uploads\/2026\/01\/indicadores.png\" data-srcset=\"https:\/\/uttarahumara.edu.mx\/nuevo\/wp-content\/uploads\/2026\/01\/indicadores.png 500w, https:\/\/uttarahumara.edu.mx\/nuevo\/wp-content\/uploads\/2026\/01\/indicadores-300x300.png 300w, https:\/\/uttarahumara.edu.mx\/nuevo\/wp-content\/uploads\/2026\/01\/indicadores-150x150.png 150w\" data-sizes=\"(max-width: 500px) 100vw, 500px\" data-aspect=\"1\" \/>\t\t\t\t\t<\/figure>\n\n\t\t\t\t\t<div class=\"ld-media-item-overlay d-flex flex-column align-items-center lqd-overlay text-center justify-content-center\">\n\n\t\t\t\t\t\t<div class=\"ld-media-bg lqd-overlay\"><\/div>\n\n\t\t\t\t\t\t<div class=\"ld-media-content pos-rel z-index-2\">\n\t\t\t\t\t\t\t<div class=\"ld-media-txt\">\n\t\t\t\t\t\t\t\t<h3 class=\"m-0\">Indicadores Institucionales<\/h3>\n\t\t\t\t\t\t\t\t<h6 class=\"m-0 text-uppercase ltr-sp-135\"><\/h6>\n\t\t\t\t\t\t\t\t\t\t\t\t\t\t\t<\/div>\n\t\t\t\t\t\t<\/div>\n\n\t\t\t\t\t<\/div>\n\n\t\t\t\t\t<a  href=\"https:\/\/uttarahumara.edu.mx\/nuevo\/indicadores-institucionales\/\" target=\"_blank\" rel=\"nofollow\" aria-label=\"Indicadores Institucionales\" class=\"lqd-overlay z-index-2\"><\/a>\n\t\t\t\t<\/div>\n\n\t\t\t<\/div>\n\t\t\t\n\t\t<\/div>\n\n\t\t\t\t<\/div>\n\t\t\t\t<\/div>\n\t\t\t\t\t<\/div>\n\t\t<\/div>\n\t\t\t\t\t\t\t<\/div>\n\t\t<\/section>\n\t\t\t\t\t\t\t<\/div>\n\t\t","protected":false},"excerpt":{"rendered":"<p>COCODI Comit\u00e9 de Adquisiciones Comit\u00e9 de \u00c9tica Normatividad Plan Anual de Adquisiciones,Arrendamientos y Contrataci\u00f3n de Servicios Sesiones del H. Consejo Directivo Contratos y Adquisiciones Cuenta P\u00fablica Rendici\u00f3n de cuentas Presupuesto Basado en Resultados(PBR) Subsidio U006 Indicadores Institucionales<\/p>\n","protected":false},"author":1,"featured_media":0,"parent":0,"menu_order":0,"comment_status":"closed","ping_status":"closed","template":"","meta":{"footnotes":""},"class_list":["post-14683","page","type-page","status-publish","hentry"],"_links":{"self":[{"href":"https:\/\/uttarahumara.edu.mx\/nuevo\/wp-json\/wp\/v2\/pages\/14683","targetHints":{"allow":["GET"]}}],"collection":[{"href":"https:\/\/uttarahumara.edu.mx\/nuevo\/wp-json\/wp\/v2\/pages"}],"about":[{"href":"https:\/\/uttarahumara.edu.mx\/nuevo\/wp-json\/wp\/v2\/types\/page"}],"author":[{"embeddable":true,"href":"https:\/\/uttarahumara.edu.mx\/nuevo\/wp-json\/wp\/v2\/users\/1"}],"replies":[{"embeddable":true,"href":"https:\/\/uttarahumara.edu.mx\/nuevo\/wp-json\/wp\/v2\/comments?post=14683"}],"version-history":[{"count":80,"href":"https:\/\/uttarahumara.edu.mx\/nuevo\/wp-json\/wp\/v2\/pages\/14683\/revisions"}],"predecessor-version":[{"id":15264,"href":"https:\/\/uttarahumara.edu.mx\/nuevo\/wp-json\/wp\/v2\/pages\/14683\/revisions\/15264"}],"wp:attachment":[{"href":"https:\/\/uttarahumara.edu.mx\/nuevo\/wp-json\/wp\/v2\/media?parent=14683"}],"curies":[{"name":"wp","href":"https:\/\/api.w.org\/{rel}","templated":true}]}}