{"id":14784,"date":"2025-02-21T22:12:58","date_gmt":"2025-02-21T22:12:58","guid":{"rendered":"https:\/\/uttarahumara.edu.mx\/nuevo\/?page_id=14784"},"modified":"2025-02-22T00:18:04","modified_gmt":"2025-02-22T00:18:04","slug":"elementor-14784","status":"publish","type":"page","link":"https:\/\/uttarahumara.edu.mx\/nuevo\/elementor-14784\/","title":{"rendered":"Comite de adquisiciones"},"content":{"rendered":"\t\t<div data-elementor-type=\"wp-page\" data-elementor-id=\"14784\" class=\"elementor elementor-14784\">\n\t\t\t\t\t\t\t<div class=\"elementor-element elementor-element-80a49d2 e-flex e-con-boxed e-con\" data-id=\"80a49d2\" data-element_type=\"container\" data-settings=\"{&quot;content_width&quot;:&quot;boxed&quot;}\">\n\t\t\t\t\t<div class=\"e-con-inner\">\n\t\t\t\t<div class=\"elementor-element elementor-element-48d7353 elementor-widget elementor-widget-hub_fancy_heading\" data-id=\"48d7353\" data-element_type=\"widget\" data-widget_type=\"hub_fancy_heading.default\">\n\t\t\t\t<div class=\"elementor-widget-container\">\n\t\t\t\n\t\t<div id=\"ld-fancy-heading-69f325ebcc01a\" class=\"ld-fancy-heading pos-rel\">\n\t\t\t<h2 class=\"ld-fh-element d-inline-block pos-rel  elementor-heading-title lqd-highlight-classic lqd-highlight-grow-left h2\"  > Comit\u00e9 de Adquisiciones<\/h2>\t\t<\/div>\n\n\t\t\t\t<\/div>\n\t\t\t\t<\/div>\n\t\t\t\t\t<\/div>\n\t\t\t\t<\/div>\n\t\t<div class=\"elementor-element elementor-element-164d0cf e-flex e-con-boxed e-con\" data-id=\"164d0cf\" data-element_type=\"container\" data-settings=\"{&quot;content_width&quot;:&quot;boxed&quot;}\">\n\t\t\t\t\t<div class=\"e-con-inner\">\n\t\t\t\t<div class=\"elementor-element elementor-element-95ca130 elementor-widget elementor-widget-text-editor\" data-id=\"95ca130\" data-element_type=\"widget\" data-widget_type=\"text-editor.default\">\n\t\t\t\t<div class=\"elementor-widget-container\">\n\t\t\t<style>\/*! elementor - v3.15.0 - 02-08-2023 *\/\n.elementor-widget-text-editor.elementor-drop-cap-view-stacked .elementor-drop-cap{background-color:#69727d;color:#fff}.elementor-widget-text-editor.elementor-drop-cap-view-framed .elementor-drop-cap{color:#69727d;border:3px solid;background-color:transparent}.elementor-widget-text-editor:not(.elementor-drop-cap-view-default) .elementor-drop-cap{margin-top:8px}.elementor-widget-text-editor:not(.elementor-drop-cap-view-default) .elementor-drop-cap-letter{width:1em;height:1em}.elementor-widget-text-editor .elementor-drop-cap{float:left;text-align:center;line-height:1;font-size:50px}.elementor-widget-text-editor .elementor-drop-cap-letter{display:inline-block}<\/style>\t\t\t\t<p><strong>El Comit\u00e9 de Adquisiciones, Arrendamientos, y Contrataci\u00f3n de Servicios de la Universidad Tecnol\u00f3gica de la Tarahumara est\u00e1 integrado por:<\/strong><\/p><p>Lic. Jos\u00e9 A. C. M.<br \/>Presidente.<\/p><p>Lic. Beatriz P.C.<br \/>Suplente del Presidente.<\/p><p>Lic. Felipe de J. M. B.<br \/>Vocal &#8220;A&#8221;.<\/p><p>Lic. Yenia F.D.I.<br \/>Suplente del Vocal &#8220;A&#8221;.<\/p><p>Mtra. Sonia H.A.R.<br \/>Vocal \u00c1rea Jur\u00eddica.<\/p><p>Lic. Joel A.L.B.<br \/>Suplente del Vocal \u00c1rea Jur\u00eddica.<\/p><p>Lic. Liceth Y. N.<br \/>Vocal &#8220;B&#8221;.<\/p><p>Ing. \u00c1ngela M.B.D.<br \/>Suplente Vocal &#8220;B&#8221;.<\/p><p>Lic. Idalia G. V.<br \/>Vocal &#8220;C&#8221;.<\/p><p>Ing. Miriam I.Z.S.<br \/>Suplente Vocal &#8220;C&#8221;.<\/p>\t\t\t\t\t\t<\/div>\n\t\t\t\t<\/div>\n\t\t\t\t\t<\/div>\n\t\t\t\t<\/div>\n\t\t\t\t\t\t\t<\/div>\n\t\t","protected":false},"excerpt":{"rendered":"<p>Comit\u00e9 de Adquisiciones El Comit\u00e9 de Adquisiciones, Arrendamientos, y Contrataci\u00f3n de Servicios de la Universidad Tecnol\u00f3gica de la Tarahumara est\u00e1 integrado por: Lic. Jos\u00e9 A. C. M.Presidente. Lic. Beatriz P.C.Suplente del Presidente. Lic. Felipe de J. M. B.Vocal &#8220;A&#8221;. Lic. Yenia F.D.I.Suplente del Vocal &#8220;A&#8221;. Mtra. Sonia H.A.R.Vocal \u00c1rea Jur\u00eddica. Lic. Joel A.L.B.Suplente del Vocal [&hellip;]<\/p>\n","protected":false},"author":1,"featured_media":0,"parent":0,"menu_order":0,"comment_status":"closed","ping_status":"closed","template":"","meta":{"footnotes":""},"class_list":["post-14784","page","type-page","status-publish","hentry"],"_links":{"self":[{"href":"https:\/\/uttarahumara.edu.mx\/nuevo\/wp-json\/wp\/v2\/pages\/14784","targetHints":{"allow":["GET"]}}],"collection":[{"href":"https:\/\/uttarahumara.edu.mx\/nuevo\/wp-json\/wp\/v2\/pages"}],"about":[{"href":"https:\/\/uttarahumara.edu.mx\/nuevo\/wp-json\/wp\/v2\/types\/page"}],"author":[{"embeddable":true,"href":"https:\/\/uttarahumara.edu.mx\/nuevo\/wp-json\/wp\/v2\/users\/1"}],"replies":[{"embeddable":true,"href":"https:\/\/uttarahumara.edu.mx\/nuevo\/wp-json\/wp\/v2\/comments?post=14784"}],"version-history":[{"count":5,"href":"https:\/\/uttarahumara.edu.mx\/nuevo\/wp-json\/wp\/v2\/pages\/14784\/revisions"}],"predecessor-version":[{"id":14809,"href":"https:\/\/uttarahumara.edu.mx\/nuevo\/wp-json\/wp\/v2\/pages\/14784\/revisions\/14809"}],"wp:attachment":[{"href":"https:\/\/uttarahumara.edu.mx\/nuevo\/wp-json\/wp\/v2\/media?parent=14784"}],"curies":[{"name":"wp","href":"https:\/\/api.w.org\/{rel}","templated":true}]}}