{"id":14964,"date":"2025-05-07T14:58:10","date_gmt":"2025-05-07T14:58:10","guid":{"rendered":"https:\/\/uttarahumara.edu.mx\/nuevo\/?page_id=14964"},"modified":"2025-05-07T18:33:09","modified_gmt":"2025-05-07T18:33:09","slug":"elementor-14964","status":"publish","type":"page","link":"https:\/\/uttarahumara.edu.mx\/nuevo\/elementor-14964\/","title":{"rendered":"Oferta Educativa"},"content":{"rendered":"\t\t<div data-elementor-type=\"wp-page\" data-elementor-id=\"14964\" class=\"elementor elementor-14964\">\n\t\t\t\t\t\t\t\t\t<section class=\"elementor-section elementor-top-section elementor-element elementor-element-1ee587f0 elementor-section-boxed elementor-section-height-default elementor-section-height-default\" data-id=\"1ee587f0\" data-element_type=\"section\">\n\t\t\t\t\t\t<div class=\"elementor-container elementor-column-gap-default\">\n\t\t\t\t\t<div class=\"elementor-column elementor-col-100 elementor-top-column elementor-element elementor-element-20fef0f2\" data-id=\"20fef0f2\" data-element_type=\"column\">\n\t\t\t<div class=\"elementor-widget-wrap elementor-element-populated\">\n\t\t\t\t\t\t\t\t<section class=\"elementor-section elementor-inner-section elementor-element elementor-element-1d32b320 elementor-section-boxed elementor-section-height-default elementor-section-height-default\" data-id=\"1d32b320\" data-element_type=\"section\">\n\t\t\t\t\t\t<div class=\"elementor-container elementor-column-gap-default\">\n\t\t\t\t\t<div class=\"elementor-column elementor-col-100 elementor-inner-column elementor-element elementor-element-68071c17\" data-id=\"68071c17\" data-element_type=\"column\">\n\t\t\t<div class=\"elementor-widget-wrap elementor-element-populated\">\n\t\t\t\t\t\t\t\t<div class=\"elementor-element elementor-element-69fe4351 elementor-widget elementor-widget-hub_fancy_heading\" data-id=\"69fe4351\" data-element_type=\"widget\" data-widget_type=\"hub_fancy_heading.default\">\n\t\t\t\t<div class=\"elementor-widget-container\">\n\t\t\t\n\t\t<div id=\"ld-fancy-heading-69f0d500d6136\" class=\"ld-fancy-heading pos-rel\">\n\t\t\t<h3 class=\"ld-fh-element d-inline-block pos-rel  elementor-heading-title lqd-highlight-classic lqd-highlight-grow-left h3\"  > OFERTA EDUCATIVA<\/h3>\t\t<\/div>\n\n\t\t\t\t<\/div>\n\t\t\t\t<\/div>\n\t\t\t\t\t<\/div>\n\t\t<\/div>\n\t\t\t\t\t\t\t<\/div>\n\t\t<\/section>\n\t\t\t\t<section class=\"elementor-section elementor-inner-section elementor-element elementor-element-607f9d08 elementor-section-boxed elementor-section-height-default elementor-section-height-default\" data-id=\"607f9d08\" data-element_type=\"section\">\n\t\t\t\t\t\t<div class=\"elementor-container elementor-column-gap-default\">\n\t\t\t\t\t<div class=\"elementor-column elementor-col-33 elementor-inner-column elementor-element elementor-element-496cb937\" data-id=\"496cb937\" data-element_type=\"column\">\n\t\t\t<div class=\"elementor-widget-wrap elementor-element-populated\">\n\t\t\t\t\t\t\t\t<div class=\"elementor-element elementor-element-41ea7d27 elementor-widget elementor-widget-ld_team_member\" data-id=\"41ea7d27\" data-element_type=\"widget\" data-widget_type=\"ld_team_member.default\">\n\t\t\t\t<div class=\"elementor-widget-container\">\n\t\t\t\n\t\t<div class=\"lqd-tm pos-rel lqd-tm-style-5 border-radius-4 overflow-hidden\">\n\n\t\t\t\t\t\t\t\t<div class=\"lqd-tm-img pos-rel\">\n\t\t\t\t\t\t<figure>\n\t\t\t\t\t\t\t<img decoding=\"async\" width=\"1024\" height=\"1024\" src=\"https:\/\/uttarahumara.edu.mx\/nuevo\/wp-content\/uploads\/2025\/05\/ad52d911-d3e5-406c-83cc-6dbb0b46dbbb.jpeg\" class=\"w-100\" alt=\"Ingenier\u00eda en Agricultura Sustentable y Protegida\" srcset=\"https:\/\/uttarahumara.edu.mx\/nuevo\/wp-content\/uploads\/2025\/05\/ad52d911-d3e5-406c-83cc-6dbb0b46dbbb.jpeg 1024w, https:\/\/uttarahumara.edu.mx\/nuevo\/wp-content\/uploads\/2025\/05\/ad52d911-d3e5-406c-83cc-6dbb0b46dbbb-300x300.jpeg 300w, https:\/\/uttarahumara.edu.mx\/nuevo\/wp-content\/uploads\/2025\/05\/ad52d911-d3e5-406c-83cc-6dbb0b46dbbb-150x150.jpeg 150w\" sizes=\"(max-width: 1024px) 100vw, 1024px\" itemprop=\"image\" \/>\t\t\t\t\t\t<\/figure>\n\t\t\t\t\t<\/div>\n\t\t\t\t\t\t\n\t\t\t\t\t<div class=\"lqd-tm-details lqd-overlay d-flex align-items-end\">\n\t\t\t\t\t\t<div class=\"lqd-tm-details-inner d-flex align-items-center justify-content-between w-100 ps-6 pe-6 pt-5 pb-5\">\n\t\t\t\t\t\t\t<div class=\"d-flex flex-column\">\n\t\t\t\t\t\t\t\t<h3 class=\"mt-0 mb-2\">Ingenier\u00eda en Agricultura Sustentable y Protegida<\/h3>\n\t\t\t\t\t\t\t\t<h6 class=\"mt-0 mb-0\"><\/h6>\n\t\t\t\t\t\t\t<\/div>\n\t\t\t\t\t\t\t<div class=\"lqd-tm-details-icon ms-auto\">\n\t\t\t\t\t\t\t\t<i class=\"lqd-icn-ess icon-md-arrow-forward\"><\/i>\n\t\t\t\t\t\t\t<\/div>\n\t\t\t\t\t\t<\/div>\n\t\t\t\t\t<\/div>\n\t\t\t\t\t\t\t\t\t\t\t<a href=\"https:\/\/uttarahumara.edu.mx\/nuevo\/agricultura-sustentable-y-protegida\/\" target=\"_blank\" rel=\"nofollow\" class=\"lqd-overlay\"><\/a>\n\t\t\t\t\t\t\t\t\t\n\t\t<\/div>\n\n\t\t\t\t<\/div>\n\t\t\t\t<\/div>\n\t\t\t\t\t<\/div>\n\t\t<\/div>\n\t\t\t\t<div class=\"elementor-column elementor-col-33 elementor-inner-column elementor-element elementor-element-1841552\" data-id=\"1841552\" data-element_type=\"column\">\n\t\t\t<div class=\"elementor-widget-wrap elementor-element-populated\">\n\t\t\t\t\t\t\t\t<div class=\"elementor-element elementor-element-5457b6e2 elementor-widget elementor-widget-ld_team_member\" data-id=\"5457b6e2\" data-element_type=\"widget\" data-widget_type=\"ld_team_member.default\">\n\t\t\t\t<div class=\"elementor-widget-container\">\n\t\t\t\n\t\t<div class=\"lqd-tm pos-rel lqd-tm-style-5 border-radius-4 overflow-hidden\">\n\n\t\t\t\t\t\t\t\t<div class=\"lqd-tm-img pos-rel\">\n\t\t\t\t\t\t<figure>\n\t\t\t\t\t\t\t<img decoding=\"async\" width=\"1024\" height=\"1024\" src=\"data:image\/svg+xml;charset=utf-8,%3Csvg xmlns%3D&#039;http%3A%2F%2Fwww.w3.org%2F2000%2Fsvg&#039; viewBox%3D&#039;0 0 1024 1024&#039;%2F%3E\" class=\"w-100 ld-lazyload\" alt=\"Ingenier\u00eda en Gesti\u00f3n Ambiental\" itemprop=\"image\" data-src=\"https:\/\/uttarahumara.edu.mx\/nuevo\/wp-content\/uploads\/2025\/05\/51794a33-93ee-4c0f-b846-b8c5a0814f0e.jpeg\" data-srcset=\"https:\/\/uttarahumara.edu.mx\/nuevo\/wp-content\/uploads\/2025\/05\/51794a33-93ee-4c0f-b846-b8c5a0814f0e.jpeg 1024w, https:\/\/uttarahumara.edu.mx\/nuevo\/wp-content\/uploads\/2025\/05\/51794a33-93ee-4c0f-b846-b8c5a0814f0e-300x300.jpeg 300w, https:\/\/uttarahumara.edu.mx\/nuevo\/wp-content\/uploads\/2025\/05\/51794a33-93ee-4c0f-b846-b8c5a0814f0e-150x150.jpeg 150w\" data-sizes=\"(max-width: 1024px) 100vw, 1024px\" data-aspect=\"1\" \/>\t\t\t\t\t\t<\/figure>\n\t\t\t\t\t<\/div>\n\t\t\t\t\t\t\n\t\t\t\t\t<div class=\"lqd-tm-details lqd-overlay d-flex align-items-end\">\n\t\t\t\t\t\t<div class=\"lqd-tm-details-inner d-flex align-items-center justify-content-between w-100 ps-6 pe-6 pt-5 pb-5\">\n\t\t\t\t\t\t\t<div class=\"d-flex flex-column\">\n\t\t\t\t\t\t\t\t<h3 class=\"mt-0 mb-2\">Ingenier\u00eda en Gesti\u00f3n Ambiental<\/h3>\n\t\t\t\t\t\t\t\t<h6 class=\"mt-0 mb-0\"><\/h6>\n\t\t\t\t\t\t\t<\/div>\n\t\t\t\t\t\t\t<div class=\"lqd-tm-details-icon ms-auto\">\n\t\t\t\t\t\t\t\t<i class=\"lqd-icn-ess icon-md-arrow-forward\"><\/i>\n\t\t\t\t\t\t\t<\/div>\n\t\t\t\t\t\t<\/div>\n\t\t\t\t\t<\/div>\n\t\t\t\t\t\t\t\t\t\t\t<a href=\"#\" target=\"_blank\" rel=\"nofollow\" class=\"lqd-overlay\"><\/a>\n\t\t\t\t\t\t\t\t\t\n\t\t<\/div>\n\n\t\t\t\t<\/div>\n\t\t\t\t<\/div>\n\t\t\t\t\t<\/div>\n\t\t<\/div>\n\t\t\t\t<div class=\"elementor-column elementor-col-33 elementor-inner-column elementor-element elementor-element-790223e1\" data-id=\"790223e1\" data-element_type=\"column\">\n\t\t\t<div class=\"elementor-widget-wrap elementor-element-populated\">\n\t\t\t\t\t\t\t\t<div class=\"elementor-element elementor-element-385ef0c elementor-widget elementor-widget-ld_team_member\" data-id=\"385ef0c\" data-element_type=\"widget\" data-widget_type=\"ld_team_member.default\">\n\t\t\t\t<div class=\"elementor-widget-container\">\n\t\t\t\n\t\t<div class=\"lqd-tm pos-rel lqd-tm-style-5 border-radius-4 overflow-hidden\">\n\n\t\t\t\t\t\t\t\t<div class=\"lqd-tm-img pos-rel\">\n\t\t\t\t\t\t<figure>\n\t\t\t\t\t\t\t<img decoding=\"async\" width=\"1024\" height=\"1024\" src=\"data:image\/svg+xml;charset=utf-8,%3Csvg xmlns%3D&#039;http%3A%2F%2Fwww.w3.org%2F2000%2Fsvg&#039; viewBox%3D&#039;0 0 1024 1024&#039;%2F%3E\" class=\"w-100 ld-lazyload\" alt=\"Ingenier\u00eda en Manejo Forestal\" itemprop=\"image\" data-src=\"https:\/\/uttarahumara.edu.mx\/nuevo\/wp-content\/uploads\/2025\/05\/62a3cc0e-0ccd-47ba-beb3-520f26c11450.jpeg\" data-srcset=\"https:\/\/uttarahumara.edu.mx\/nuevo\/wp-content\/uploads\/2025\/05\/62a3cc0e-0ccd-47ba-beb3-520f26c11450.jpeg 1024w, https:\/\/uttarahumara.edu.mx\/nuevo\/wp-content\/uploads\/2025\/05\/62a3cc0e-0ccd-47ba-beb3-520f26c11450-300x300.jpeg 300w, https:\/\/uttarahumara.edu.mx\/nuevo\/wp-content\/uploads\/2025\/05\/62a3cc0e-0ccd-47ba-beb3-520f26c11450-150x150.jpeg 150w\" data-sizes=\"(max-width: 1024px) 100vw, 1024px\" data-aspect=\"1\" \/>\t\t\t\t\t\t<\/figure>\n\t\t\t\t\t<\/div>\n\t\t\t\t\t\t\n\t\t\t\t\t<div class=\"lqd-tm-details lqd-overlay d-flex align-items-end\">\n\t\t\t\t\t\t<div class=\"lqd-tm-details-inner d-flex align-items-center justify-content-between w-100 ps-6 pe-6 pt-5 pb-5\">\n\t\t\t\t\t\t\t<div class=\"d-flex flex-column\">\n\t\t\t\t\t\t\t\t<h3 class=\"mt-0 mb-2\">Ingenier\u00eda en Manejo Forestal<\/h3>\n\t\t\t\t\t\t\t\t<h6 class=\"mt-0 mb-0\"><\/h6>\n\t\t\t\t\t\t\t<\/div>\n\t\t\t\t\t\t\t<div class=\"lqd-tm-details-icon ms-auto\">\n\t\t\t\t\t\t\t\t<i class=\"lqd-icn-ess icon-md-arrow-forward\"><\/i>\n\t\t\t\t\t\t\t<\/div>\n\t\t\t\t\t\t<\/div>\n\t\t\t\t\t<\/div>\n\t\t\t\t\t\t\t\t\t\t\t<a href=\"#\" target=\"_blank\" rel=\"nofollow\" class=\"lqd-overlay\"><\/a>\n\t\t\t\t\t\t\t\t\t\n\t\t<\/div>\n\n\t\t\t\t<\/div>\n\t\t\t\t<\/div>\n\t\t\t\t\t<\/div>\n\t\t<\/div>\n\t\t\t\t\t\t\t<\/div>\n\t\t<\/section>\n\t\t\t\t<section class=\"elementor-section elementor-inner-section elementor-element elementor-element-7837f7c elementor-section-boxed elementor-section-height-default elementor-section-height-default\" data-id=\"7837f7c\" data-element_type=\"section\">\n\t\t\t\t\t\t<div class=\"elementor-container elementor-column-gap-default\">\n\t\t\t\t\t<div class=\"elementor-column elementor-col-33 elementor-inner-column elementor-element elementor-element-61766e2e\" data-id=\"61766e2e\" data-element_type=\"column\">\n\t\t\t<div class=\"elementor-widget-wrap elementor-element-populated\">\n\t\t\t\t\t\t\t\t<div class=\"elementor-element elementor-element-74d8e14f elementor-widget elementor-widget-ld_team_member\" data-id=\"74d8e14f\" data-element_type=\"widget\" data-widget_type=\"ld_team_member.default\">\n\t\t\t\t<div class=\"elementor-widget-container\">\n\t\t\t\n\t\t<div class=\"lqd-tm pos-rel lqd-tm-style-5 border-radius-4 overflow-hidden\">\n\n\t\t\t\t\t\t\t\t<div class=\"lqd-tm-img pos-rel\">\n\t\t\t\t\t\t<figure>\n\t\t\t\t\t\t\t<img decoding=\"async\" width=\"1024\" height=\"1024\" src=\"data:image\/svg+xml;charset=utf-8,%3Csvg xmlns%3D&#039;http%3A%2F%2Fwww.w3.org%2F2000%2Fsvg&#039; viewBox%3D&#039;0 0 1024 1024&#039;%2F%3E\" class=\"w-100 ld-lazyload\" alt=\"Licenciatura en Enfermer\u00eda \" itemprop=\"image\" data-src=\"https:\/\/uttarahumara.edu.mx\/nuevo\/wp-content\/uploads\/2025\/05\/56735b32-71d4-43b4-b82d-0a694b75836c.jpeg\" data-srcset=\"https:\/\/uttarahumara.edu.mx\/nuevo\/wp-content\/uploads\/2025\/05\/56735b32-71d4-43b4-b82d-0a694b75836c.jpeg 1024w, https:\/\/uttarahumara.edu.mx\/nuevo\/wp-content\/uploads\/2025\/05\/56735b32-71d4-43b4-b82d-0a694b75836c-300x300.jpeg 300w, https:\/\/uttarahumara.edu.mx\/nuevo\/wp-content\/uploads\/2025\/05\/56735b32-71d4-43b4-b82d-0a694b75836c-150x150.jpeg 150w\" data-sizes=\"(max-width: 1024px) 100vw, 1024px\" data-aspect=\"1\" \/>\t\t\t\t\t\t<\/figure>\n\t\t\t\t\t<\/div>\n\t\t\t\t\t\t\n\t\t\t\t\t<div class=\"lqd-tm-details lqd-overlay d-flex align-items-end\">\n\t\t\t\t\t\t<div class=\"lqd-tm-details-inner d-flex align-items-center justify-content-between w-100 ps-6 pe-6 pt-5 pb-5\">\n\t\t\t\t\t\t\t<div class=\"d-flex flex-column\">\n\t\t\t\t\t\t\t\t<h3 class=\"mt-0 mb-2\">Licenciatura en Enfermer\u00eda <\/h3>\n\t\t\t\t\t\t\t\t<h6 class=\"mt-0 mb-0\"><\/h6>\n\t\t\t\t\t\t\t<\/div>\n\t\t\t\t\t\t\t<div class=\"lqd-tm-details-icon ms-auto\">\n\t\t\t\t\t\t\t\t<i class=\"lqd-icn-ess icon-md-arrow-forward\"><\/i>\n\t\t\t\t\t\t\t<\/div>\n\t\t\t\t\t\t<\/div>\n\t\t\t\t\t<\/div>\n\t\t\t\t\t\t\t\t\t\t\t<a href=\"#\" target=\"_blank\" rel=\"nofollow\" class=\"lqd-overlay\"><\/a>\n\t\t\t\t\t\t\t\t\t\n\t\t<\/div>\n\n\t\t\t\t<\/div>\n\t\t\t\t<\/div>\n\t\t\t\t\t<\/div>\n\t\t<\/div>\n\t\t\t\t<div class=\"elementor-column elementor-col-33 elementor-inner-column elementor-element elementor-element-c59e51e\" data-id=\"c59e51e\" data-element_type=\"column\">\n\t\t\t<div class=\"elementor-widget-wrap elementor-element-populated\">\n\t\t\t\t\t\t\t\t<div class=\"elementor-element elementor-element-3d9b5d9a elementor-widget elementor-widget-ld_team_member\" data-id=\"3d9b5d9a\" data-element_type=\"widget\" data-widget_type=\"ld_team_member.default\">\n\t\t\t\t<div class=\"elementor-widget-container\">\n\t\t\t\n\t\t<div class=\"lqd-tm pos-rel lqd-tm-style-5 border-radius-4 overflow-hidden\">\n\n\t\t\t\t\t\t\t\t<div class=\"lqd-tm-img pos-rel\">\n\t\t\t\t\t\t<figure>\n\t\t\t\t\t\t\t<img decoding=\"async\" width=\"1024\" height=\"1024\" src=\"data:image\/svg+xml;charset=utf-8,%3Csvg xmlns%3D&#039;http%3A%2F%2Fwww.w3.org%2F2000%2Fsvg&#039; viewBox%3D&#039;0 0 1024 1024&#039;%2F%3E\" class=\"w-100 ld-lazyload\" alt=\"Lic. Gesti\u00f3n y Desarrollo Turistico\" itemprop=\"image\" data-src=\"https:\/\/uttarahumara.edu.mx\/nuevo\/wp-content\/uploads\/2025\/05\/turismo.png\" data-srcset=\"https:\/\/uttarahumara.edu.mx\/nuevo\/wp-content\/uploads\/2025\/05\/turismo.png 1024w, https:\/\/uttarahumara.edu.mx\/nuevo\/wp-content\/uploads\/2025\/05\/turismo-300x300.png 300w, https:\/\/uttarahumara.edu.mx\/nuevo\/wp-content\/uploads\/2025\/05\/turismo-150x150.png 150w\" data-sizes=\"(max-width: 1024px) 100vw, 1024px\" data-aspect=\"1\" \/>\t\t\t\t\t\t<\/figure>\n\t\t\t\t\t<\/div>\n\t\t\t\t\t\t\n\t\t\t\t\t<div class=\"lqd-tm-details lqd-overlay d-flex align-items-end\">\n\t\t\t\t\t\t<div class=\"lqd-tm-details-inner d-flex align-items-center justify-content-between w-100 ps-6 pe-6 pt-5 pb-5\">\n\t\t\t\t\t\t\t<div class=\"d-flex flex-column\">\n\t\t\t\t\t\t\t\t<h3 class=\"mt-0 mb-2\">Lic. Gesti\u00f3n y Desarrollo Turistico<\/h3>\n\t\t\t\t\t\t\t\t<h6 class=\"mt-0 mb-0\"><\/h6>\n\t\t\t\t\t\t\t<\/div>\n\t\t\t\t\t\t\t<div class=\"lqd-tm-details-icon ms-auto\">\n\t\t\t\t\t\t\t\t<i class=\"lqd-icn-ess icon-md-arrow-forward\"><\/i>\n\t\t\t\t\t\t\t<\/div>\n\t\t\t\t\t\t<\/div>\n\t\t\t\t\t<\/div>\n\t\t\t\t\t\t\t\t\t\t\t<a href=\"#\" target=\"_blank\" rel=\"nofollow\" class=\"lqd-overlay\"><\/a>\n\t\t\t\t\t\t\t\t\t\n\t\t<\/div>\n\n\t\t\t\t<\/div>\n\t\t\t\t<\/div>\n\t\t\t\t\t<\/div>\n\t\t<\/div>\n\t\t\t\t<div class=\"elementor-column elementor-col-33 elementor-inner-column elementor-element elementor-element-370a4fab\" data-id=\"370a4fab\" data-element_type=\"column\">\n\t\t\t<div class=\"elementor-widget-wrap\">\n\t\t\t\t\t\t\t\t\t<\/div>\n\t\t<\/div>\n\t\t\t\t\t\t\t<\/div>\n\t\t<\/section>\n\t\t\t\t\t<\/div>\n\t\t<\/div>\n\t\t\t\t\t\t\t<\/div>\n\t\t<\/section>\n\t\t\t\t\t\t\t<\/div>\n\t\t","protected":false},"excerpt":{"rendered":"<p>OFERTA EDUCATIVA Ingenier\u00eda en Agricultura Sustentable y Protegida Ingenier\u00eda en Gesti\u00f3n Ambiental Ingenier\u00eda en Manejo Forestal Licenciatura en Enfermer\u00eda Lic. Gesti\u00f3n y Desarrollo Turistico<\/p>\n","protected":false},"author":1,"featured_media":0,"parent":0,"menu_order":0,"comment_status":"closed","ping_status":"closed","template":"","meta":{"footnotes":""},"class_list":["post-14964","page","type-page","status-publish","hentry"],"_links":{"self":[{"href":"https:\/\/uttarahumara.edu.mx\/nuevo\/wp-json\/wp\/v2\/pages\/14964","targetHints":{"allow":["GET"]}}],"collection":[{"href":"https:\/\/uttarahumara.edu.mx\/nuevo\/wp-json\/wp\/v2\/pages"}],"about":[{"href":"https:\/\/uttarahumara.edu.mx\/nuevo\/wp-json\/wp\/v2\/types\/page"}],"author":[{"embeddable":true,"href":"https:\/\/uttarahumara.edu.mx\/nuevo\/wp-json\/wp\/v2\/users\/1"}],"replies":[{"embeddable":true,"href":"https:\/\/uttarahumara.edu.mx\/nuevo\/wp-json\/wp\/v2\/comments?post=14964"}],"version-history":[{"count":22,"href":"https:\/\/uttarahumara.edu.mx\/nuevo\/wp-json\/wp\/v2\/pages\/14964\/revisions"}],"predecessor-version":[{"id":15003,"href":"https:\/\/uttarahumara.edu.mx\/nuevo\/wp-json\/wp\/v2\/pages\/14964\/revisions\/15003"}],"wp:attachment":[{"href":"https:\/\/uttarahumara.edu.mx\/nuevo\/wp-json\/wp\/v2\/media?parent=14964"}],"curies":[{"name":"wp","href":"https:\/\/api.w.org\/{rel}","templated":true}]}}