{"id":15119,"date":"2025-09-17T18:34:14","date_gmt":"2025-09-17T18:34:14","guid":{"rendered":"https:\/\/uttarahumara.edu.mx\/nuevo\/?page_id=15119"},"modified":"2026-03-10T18:48:31","modified_gmt":"2026-03-10T18:48:31","slug":"reglamentos-y-manuales","status":"publish","type":"page","link":"https:\/\/uttarahumara.edu.mx\/nuevo\/reglamentos-y-manuales\/","title":{"rendered":"REGLAMENTOS Y MANUALES"},"content":{"rendered":"\t\t<div data-elementor-type=\"wp-page\" data-elementor-id=\"15119\" class=\"elementor elementor-15119\">\n\t\t\t\t\t\t\t\t\t<section class=\"elementor-section elementor-top-section elementor-element elementor-element-340fc703 elementor-section-boxed elementor-section-height-default elementor-section-height-default\" data-id=\"340fc703\" data-element_type=\"section\" data-settings=\"{&quot;background_background&quot;:&quot;gradient&quot;,&quot;shape_divider_top&quot;:&quot;waves&quot;,&quot;shape_divider_bottom&quot;:&quot;mountains&quot;}\">\n\t\t\t\t\t<div class=\"elementor-shape elementor-shape-top\" data-negative=\"false\">\n\t\t\t<svg xmlns=\"http:\/\/www.w3.org\/2000\/svg\" viewBox=\"0 0 1000 100\" preserveAspectRatio=\"none\">\n\t<path class=\"elementor-shape-fill\" d=\"M421.9,6.5c22.6-2.5,51.5,0.4,75.5,5.3c23.6,4.9,70.9,23.5,100.5,35.7c75.8,32.2,133.7,44.5,192.6,49.7\n\tc23.6,2.1,48.7,3.5,103.4-2.5c54.7-6,106.2-25.6,106.2-25.6V0H0v30.3c0,0,72,32.6,158.4,30.5c39.2-0.7,92.8-6.7,134-22.4\n\tc21.2-8.1,52.2-18.2,79.7-24.2C399.3,7.9,411.6,7.5,421.9,6.5z\"\/>\n<\/svg>\t\t<\/div>\n\t\t\t\t<div class=\"elementor-shape elementor-shape-bottom\" data-negative=\"false\">\n\t\t\t<svg xmlns=\"http:\/\/www.w3.org\/2000\/svg\" viewBox=\"0 0 1000 100\" preserveAspectRatio=\"none\">\n\t<path class=\"elementor-shape-fill\" opacity=\"0.33\" d=\"M473,67.3c-203.9,88.3-263.1-34-320.3,0C66,119.1,0,59.7,0,59.7V0h1000v59.7 c0,0-62.1,26.1-94.9,29.3c-32.8,3.3-62.8-12.3-75.8-22.1C806,49.6,745.3,8.7,694.9,4.7S492.4,59,473,67.3z\"\/>\n\t<path class=\"elementor-shape-fill\" opacity=\"0.66\" d=\"M734,67.3c-45.5,0-77.2-23.2-129.1-39.1c-28.6-8.7-150.3-10.1-254,39.1 s-91.7-34.4-149.2,0C115.7,118.3,0,39.8,0,39.8V0h1000v36.5c0,0-28.2-18.5-92.1-18.5C810.2,18.1,775.7,67.3,734,67.3z\"\/>\n\t<path class=\"elementor-shape-fill\" d=\"M766.1,28.9c-200-57.5-266,65.5-395.1,19.5C242,1.8,242,5.4,184.8,20.6C128,35.8,132.3,44.9,89.9,52.5C28.6,63.7,0,0,0,0 h1000c0,0-9.9,40.9-83.6,48.1S829.6,47,766.1,28.9z\"\/>\n<\/svg>\t\t<\/div>\n\t\t\t\t\t<div class=\"elementor-container elementor-column-gap-default\">\n\t\t\t\t\t<div class=\"elementor-column elementor-col-100 elementor-top-column elementor-element elementor-element-19b7fb86\" data-id=\"19b7fb86\" data-element_type=\"column\">\n\t\t\t<div class=\"elementor-widget-wrap elementor-element-populated\">\n\t\t\t\t\t\t\t\t<div class=\"elementor-element elementor-element-59a74918 elementor-widget elementor-widget-hub_fancy_heading\" data-id=\"59a74918\" data-element_type=\"widget\" data-widget_type=\"hub_fancy_heading.default\">\n\t\t\t\t<div class=\"elementor-widget-container\">\n\t\t\t\n\t\t<div id=\"ld-fancy-heading-69fa0f762c319\" class=\"ld-fancy-heading pos-rel\">\n\t\t\t<h2 class=\"ld-fh-element d-inline-block pos-rel  elementor-heading-title lqd-highlight-classic lqd-highlight-grow-left h2\"  > REGLAMENTOS Y MANUALES<\/h2>\t\t<\/div>\n\n\t\t\t\t<\/div>\n\t\t\t\t<\/div>\n\t\t\t\t<div class=\"elementor-element elementor-element-2a78b41 elementor-widget elementor-widget-ld_accordion\" data-id=\"2a78b41\" data-element_type=\"widget\" data-widget_type=\"ld_accordion.default\">\n\t\t\t\t<div class=\"elementor-widget-container\">\n\t\t\t\n\t\t<div class=\"accordion accordion-body-underlined accordion-lg accordion-expander-left\" id=\"accordion-69fa0f7632f00\" role=\"tablist\" aria-multiselectable=\"true\">\n\t\t\t\t\t\t\t\t\t\t\t\t<div class=\"accordion-item panel  active\">\n\n\t\t\t\t<div class=\"accordion-heading\" role=\"tab\" id=\"heading-4451\">\n\t\t\t\t<h4 class=\"accordion-title  tabindex=\"-1\">\t\t\t\t\t<a class=\"\" role=\"button\" data-toggle=\"collapse\" data-bs-toggle=\"collapse\"\n                    tabindex=\"0\"\n\t\t\t\t\tdata-parent=\"#accordion-69fa0f7632f00\" data-bs-parent=\"#accordion-69fa0f7632f00\" href=\"#collapse-4451\" data-target=\"#collapse-4451\" data-bs-target=\"#collapse-4451\"\n\t\t\t\t\taria-expanded=\"true\" aria-controls=\"collapse-4451\">\n\t\t\t\t\t\t\t\t\t\t\t\t\t<span class=\"accordion-expander\"><i class=\"fas fa-caret-right\"><\/i><i class=\"fas fa-caret-down\"><\/i><\/span>\t\t\t\t\t\t\t\t\t\t\t\t<span class=\"accordion-title-txt\">REGLAMENTOS<\/span>\n\t\t\t\t\t\t\t\t\t\t\t<\/a>\n\t\t\t\t<\/h4>\t\t\t\t<\/div>\n\n\t\t\t\t<div id=\"collapse-4451\" class=\"accordion-collapse collapse  show\" data-bs-parent=\"#accordion-69fa0f7632f00\" role=\"tabpanel\" aria-labelledby=\"heading-4451\">\n\n\t\t\t\t<div class=\"accordion-content\">\n\t\t\t\t\t<p><a href=\"https:\/\/drive.google.com\/file\/d\/1cfudBNwqR_j_7Zh29CACb-1sIhPEayFn\/view?usp=sharing\">REGLAMENTO GENERAL DE LABORATORIOS<\/a><\/p><p><a href=\"https:\/\/drive.google.com\/file\/d\/13ETh51aVSdxjkeE_zGBuRV88tJ3poHw5\/view?usp=sharing\">REGLAMENTO<\/a> <a href=\"https:\/\/drive.google.com\/file\/d\/13ETh51aVSdxjkeE_zGBuRV88tJ3poHw5\/view?usp=sharing\">GENERAL DE LABORATORIOS STEM<\/a><\/p><p><a href=\"https:\/\/drive.google.com\/file\/d\/1U3bCA2sMCyC-WPJ42BCmVzSWgvdMeFaj\/view\">REGLAMENTO INTERNO DE TRABAJO<\/a><\/p><p><a href=\"https:\/\/drive.google.com\/file\/d\/1jukDMKTg0jq6Ghs-Ktaj2Fo4WPr4vH_f\/view\">REGLAMENTO ACAD\u00c9MICO<\/a><\/p>\t\t\t\t<\/div>\n\n\t\t\t\t<\/div>\n\n\t\t\t<\/div>\n\t\t\t\t\t\t\t\t\t<div class=\"accordion-item panel \">\n\n\t\t\t\t<div class=\"accordion-heading\" role=\"tab\" id=\"heading-4452\">\n\t\t\t\t<h4 class=\"accordion-title  tabindex=\"-1\">\t\t\t\t\t<a class=\"collapsed\" role=\"button\" data-toggle=\"collapse\" data-bs-toggle=\"collapse\"\n                    tabindex=\"0\"\n\t\t\t\t\tdata-parent=\"#accordion-69fa0f7632f00\" data-bs-parent=\"#accordion-69fa0f7632f00\" href=\"#collapse-4452\" data-target=\"#collapse-4452\" data-bs-target=\"#collapse-4452\"\n\t\t\t\t\taria-expanded=\"false\" aria-controls=\"collapse-4452\">\n\t\t\t\t\t\t\t\t\t\t\t\t\t<span class=\"accordion-expander\"><i class=\"fas fa-caret-right\"><\/i><i class=\"fas fa-caret-down\"><\/i><\/span>\t\t\t\t\t\t\t\t\t\t\t\t<span class=\"accordion-title-txt\">PRONUNCIAMIENTOS<\/span>\n\t\t\t\t\t\t\t\t\t\t\t<\/a>\n\t\t\t\t<\/h4>\t\t\t\t<\/div>\n\n\t\t\t\t<div id=\"collapse-4452\" class=\"accordion-collapse collapse \" data-bs-parent=\"#accordion-69fa0f7632f00\" role=\"tabpanel\" aria-labelledby=\"heading-4452\">\n\n\t\t\t\t<div class=\"accordion-content\">\n\t\t\t\t\t<p><a href=\"https:\/\/drive.google.com\/file\/d\/1ADa6pr2rpHm4CklSav95HOUcdMVA-Rmn\/view?usp=sharing\">PRONUNCIAMIENTO DE PROPIEDAD INTELECTUAL<\/a><\/p><p><a href=\"https:\/\/drive.google.com\/file\/d\/1NWEBjFZxghePe45biWnZrx1dX1Xcq4IY\/view?usp=sharing\">PRONUNCIAMIENTO DE CERO TOLERANCIA A LAS CONDUCTAS DE ACOSO SEXUAL\/LABORAL Y HOSTIGAMIENTO<\/a><\/p>\t\t\t\t<\/div>\n\n\t\t\t\t<\/div>\n\n\t\t\t<\/div>\n\t\t\t\t\t\t\t\t\t<div class=\"accordion-item panel \">\n\n\t\t\t\t<div class=\"accordion-heading\" role=\"tab\" id=\"heading-4453\">\n\t\t\t\t<h4 class=\"accordion-title  tabindex=\"-1\">\t\t\t\t\t<a class=\"collapsed\" role=\"button\" data-toggle=\"collapse\" data-bs-toggle=\"collapse\"\n                    tabindex=\"0\"\n\t\t\t\t\tdata-parent=\"#accordion-69fa0f7632f00\" data-bs-parent=\"#accordion-69fa0f7632f00\" href=\"#collapse-4453\" data-target=\"#collapse-4453\" data-bs-target=\"#collapse-4453\"\n\t\t\t\t\taria-expanded=\"false\" aria-controls=\"collapse-4453\">\n\t\t\t\t\t\t\t\t\t\t\t\t\t<span class=\"accordion-expander\"><i class=\"fas fa-caret-right\"><\/i><i class=\"fas fa-caret-down\"><\/i><\/span>\t\t\t\t\t\t\t\t\t\t\t\t<span class=\"accordion-title-txt\">MANUALES<\/span>\n\t\t\t\t\t\t\t\t\t\t\t<\/a>\n\t\t\t\t<\/h4>\t\t\t\t<\/div>\n\n\t\t\t\t<div id=\"collapse-4453\" class=\"accordion-collapse collapse \" data-bs-parent=\"#accordion-69fa0f7632f00\" role=\"tabpanel\" aria-labelledby=\"heading-4453\">\n\n\t\t\t\t<div class=\"accordion-content\">\n\t\t\t\t\t<p><a href=\"https:\/\/drive.google.com\/file\/d\/1FF1hh-Dohwxb-DtBPe5H9WnHyAPQr2LW\/view?usp=sharing\" target=\"_blank\" rel=\"noopener\">MANUAL DE PROCEDIMIENTOS DE LOS LABORATORIOS DE ENFERMER\u00cdA<\/a><\/p><p><a href=\"https:\/\/drive.google.com\/file\/d\/1nJo6NNcT0P9vuIJhWSmC2l3w6JpbknwF\/view?usp=sharing\">MANUAL DE IDENTIDAD GR\u00c1FICA DE LA UNIVERSIDAD TECNOL\u00d3GICA DE LA TARAHUMARA<\/a><\/p><p><a href=\"https:\/\/drive.google.com\/file\/d\/1Nxb7NrMiUgmXioquegVpsQv7ty5fEJRB\/view\">POLITICA PARA LEVANTAR UN ACTA ADMINISTRATIVA<\/a><\/p>\t\t\t\t<\/div>\n\n\t\t\t\t<\/div>\n\n\t\t\t<\/div>\n\t\t\t\t\t\t\t\t\t<div class=\"accordion-item panel \">\n\n\t\t\t\t<div class=\"accordion-heading\" role=\"tab\" id=\"heading-4454\">\n\t\t\t\t<h4 class=\"accordion-title  tabindex=\"-1\">\t\t\t\t\t<a class=\"collapsed\" role=\"button\" data-toggle=\"collapse\" data-bs-toggle=\"collapse\"\n                    tabindex=\"0\"\n\t\t\t\t\tdata-parent=\"#accordion-69fa0f7632f00\" data-bs-parent=\"#accordion-69fa0f7632f00\" href=\"#collapse-4454\" data-target=\"#collapse-4454\" data-bs-target=\"#collapse-4454\"\n\t\t\t\t\taria-expanded=\"false\" aria-controls=\"collapse-4454\">\n\t\t\t\t\t\t\t\t\t\t\t\t\t<span class=\"accordion-expander\"><i class=\"fas fa-caret-right\"><\/i><i class=\"fas fa-caret-down\"><\/i><\/span>\t\t\t\t\t\t\t\t\t\t\t\t<span class=\"accordion-title-txt\">AVISOS DE PRIVACIDAD<\/span>\n\t\t\t\t\t\t\t\t\t\t\t<\/a>\n\t\t\t\t<\/h4>\t\t\t\t<\/div>\n\n\t\t\t\t<div id=\"collapse-4454\" class=\"accordion-collapse collapse \" data-bs-parent=\"#accordion-69fa0f7632f00\" role=\"tabpanel\" aria-labelledby=\"heading-4454\">\n\n\t\t\t\t<div class=\"accordion-content\">\n\t\t\t\t\t<p><a href=\"https:\/\/drive.google.com\/file\/d\/1hPQkOhXWIfOYG1UhLcRDcCllf0XS5UOR\/view?usp=sharing\">AVISO DE PRIVACIDAD INTEGRAL COMPRAS<\/a><\/p><p><a href=\"https:\/\/drive.google.com\/file\/d\/1dY136dUD3gOggzt1SYRcifTvNHa2RriC\/view?usp=drive_link\">AVISO DE PRIVACIDAD INTEGRAL PROMOCI\u00d3N Y DIFUSI\u00d3N<\/a><\/p><p><a href=\"https:\/\/drive.google.com\/file\/d\/1BHc5LI_wpZj1yS1xsZmH0kOD0-KtOU7b\/view?usp=drive_link\">AVISO DE PRIVACIDAD INTEGRAL RECTOR\u00cdA<\/a><\/p><p><a href=\"https:\/\/drive.google.com\/file\/d\/1FLI2mlIUxRI3MOj1-BxkL9qkhQhj92oy\/view?usp=drive_link\">AVISO DE PRIVACIDAD INTEGRAL RECURSOS HUMANOS<\/a><\/p><p><a href=\"https:\/\/drive.google.com\/file\/d\/1fGJDwFhtLhUyA52bxNIj6DEApQQIxZjQ\/view?usp=drive_link\">AVISO DE PRIVACIDAD INTEGRAL SERVICIOS ESCOLARES<\/a><\/p><p><a href=\"https:\/\/drive.google.com\/file\/d\/1D5Nw_G0TaoY5Wkqk8joiKTb4VzMYuo0w\/view?usp=drive_link\">AVISO DE PRIVACIDAD INTEGRAL TRANSPARENCIA<\/a><\/p><p><a href=\"https:\/\/drive.google.com\/file\/d\/1uYTnV5qlb0TAnsE8mLro5Tx1uP026_-g\/view?usp=drive_link\">AVISO DE PRIVACIDAD INTEGRAL TUTOR<\/a><\/p><p><a href=\"https:\/\/drive.google.com\/file\/d\/16LfPfBpRDZT89uvaNuVJnui6T2rK3c72\/view?usp=drive_link\">AVISO DE PRIVACIDAD INTEGRAL VINCULACI\u00d3N<\/a><\/p>\t\t\t\t<\/div>\n\n\t\t\t\t<\/div>\n\n\t\t\t<\/div>\n\t\t\t\t\t\t\n\t\t<\/div>\n\n\t\t\t\t<\/div>\n\t\t\t\t<\/div>\n\t\t\t\t\t<\/div>\n\t\t<\/div>\n\t\t\t\t\t\t\t<\/div>\n\t\t<\/section>\n\t\t\t\t\t\t\t<\/div>\n\t\t","protected":false},"excerpt":{"rendered":"<p>REGLAMENTOS Y MANUALES PRONUNCIAMIENTOS PRONUNCIAMIENTO DE PROPIEDAD INTELECTUAL PRONUNCIAMIENTO DE CERO TOLERANCIA A LAS CONDUCTAS DE ACOSO SEXUAL\/LABORAL Y HOSTIGAMIENTO AVISOS DE PRIVACIDAD AVISO DE PRIVACIDAD INTEGRAL COMPRAS AVISO DE PRIVACIDAD INTEGRAL PROMOCI\u00d3N Y DIFUSI\u00d3N AVISO DE PRIVACIDAD INTEGRAL RECTOR\u00cdA AVISO DE PRIVACIDAD INTEGRAL RECURSOS HUMANOS AVISO DE PRIVACIDAD INTEGRAL SERVICIOS ESCOLARES AVISO DE PRIVACIDAD [&hellip;]<\/p>\n","protected":false},"author":1,"featured_media":0,"parent":0,"menu_order":0,"comment_status":"closed","ping_status":"closed","template":"","meta":{"footnotes":""},"class_list":["post-15119","page","type-page","status-publish","hentry"],"_links":{"self":[{"href":"https:\/\/uttarahumara.edu.mx\/nuevo\/wp-json\/wp\/v2\/pages\/15119","targetHints":{"allow":["GET"]}}],"collection":[{"href":"https:\/\/uttarahumara.edu.mx\/nuevo\/wp-json\/wp\/v2\/pages"}],"about":[{"href":"https:\/\/uttarahumara.edu.mx\/nuevo\/wp-json\/wp\/v2\/types\/page"}],"author":[{"embeddable":true,"href":"https:\/\/uttarahumara.edu.mx\/nuevo\/wp-json\/wp\/v2\/users\/1"}],"replies":[{"embeddable":true,"href":"https:\/\/uttarahumara.edu.mx\/nuevo\/wp-json\/wp\/v2\/comments?post=15119"}],"version-history":[{"count":31,"href":"https:\/\/uttarahumara.edu.mx\/nuevo\/wp-json\/wp\/v2\/pages\/15119\/revisions"}],"predecessor-version":[{"id":15314,"href":"https:\/\/uttarahumara.edu.mx\/nuevo\/wp-json\/wp\/v2\/pages\/15119\/revisions\/15314"}],"wp:attachment":[{"href":"https:\/\/uttarahumara.edu.mx\/nuevo\/wp-json\/wp\/v2\/media?parent=15119"}],"curies":[{"name":"wp","href":"https:\/\/api.w.org\/{rel}","templated":true}]}}